{"id":1996,"date":"2020-10-01T11:44:14","date_gmt":"2020-10-01T09:44:14","guid":{"rendered":"http:\/\/www.riber.com\/investisseurs\/laction-riber\/"},"modified":"2026-02-09T17:58:25","modified_gmt":"2026-02-09T16:58:25","slug":"laction-riber","status":"publish","type":"page","link":"https:\/\/www.riber.com\/fr\/investisseurs\/laction-riber\/","title":{"rendered":"L&rsquo;action Riber"},"content":{"rendered":"<div class=\"cols static\">\n<div class=\"col colnobox texte paddingR fintxt\">\n<h2>Tableau de bord<\/h2>\n<div class=\"double\">\n<div class=\"demi bourse\" style=\"background: url('\/wp-content\/uploads\/2020\/10\/euronext.jpeg') no-repeat center center;background-size: cover\"><a href=\"https:\/\/live.euronext.com\/fr\/product\/equities\/FR0000075954-XPAR\" target=\"_blank\" rel=\"noopener\"><strong>Euronext Paris<\/strong><br \/>\nCours <i class=\"far fa-caret-square-right\"> <\/i><\/a><\/div>\n<div class=\"demi\">\n<ul class=\"list\">\n<li><strong>March\u00e9<\/strong> : Euronext Growth Paris<\/li>\n<li><strong>Cotation<\/strong> : Continu<\/li>\n<li><strong>Code ISIN\u00a0<\/strong>: FR0000075954<\/li>\n<li><strong>TICKER<\/strong> : ALRIB<\/li>\n<li><strong>REUTERS<\/strong> : ALRIB.PA<\/li>\n<li><strong>BLOOMBERG<\/strong> : ALRIB:FP<\/li>\n<li><strong>Premier jour de cotation<\/strong> : 25 mai 2000<\/li>\n<li><strong>Classification ICB<\/strong> : Technologie \/ Semiconducteurs<\/li>\n<li><strong>Indices<\/strong> : Euronext Growth All-share, Euronext Tech Croissance<\/li>\n<li><strong>Nombre d\u2019actions<\/strong> : 21 253 024<\/li>\n<li><strong>Date de cl\u00f4ture de l\u2019exercice<\/strong> : 31 d\u00e9cembre<\/li>\n<li><strong>Homologation Bpifrance <\/strong>(qualification \u00ab\u00a0 Entreprise \u00a0Innovante \u00bb &#8211; FCPI)<\/li>\n<li><strong>PEA-PME<\/strong>\u00a0: \u00e9ligible<\/li>\n<\/ul>\n<\/div>\n<\/div>\n<h2>Suivi analystes<\/h2>\n<table>\n<thead>\n<tr>\n<th>Brokers<\/th>\n<th>Analystes<\/th>\n<th>Coordonn\u00e9es\/publications<\/th>\n<\/tr>\n<\/thead>\n<tbody>\n<tr>\n<td>GILBERT DUPONT<\/td>\n<td>Yann de Peyrelongue<\/td>\n<td><a class=\"btn\" href=\"mailto:yann.de-peyrelongue@socgen.com\">E-mail<\/a><\/td>\n<\/tr>\n<tr>\n<td>TP ICAP<\/td>\n<td>Christel Cleme<\/td>\n<td><a class=\"btn\" href=\"mailto:christel@clemefinance.com\" target=\"_blank\" rel=\"noopener\">Research<\/a><\/td>\n<\/tr>\n<\/tbody>\n<\/table>\n<p>Les avis, \u00e9valuations ou pr\u00e9visions concernant les performances ou l\u2019activit\u00e9 de RIBER par ces analystes ne doivent pas \u00eatre consid\u00e9r\u00e9s comme des avis ou des pr\u00e9visions de RIBER ou de son management.<\/p>\n<h2>R\u00e9partition du capital<\/h2>\n<p>au 31 d\u00e9cembre 2024<br \/>\nsur la base des informations dont dispose la Soci\u00e9t\u00e9<\/p>\n<p><img loading=\"lazy\" decoding=\"async\" class=\"alignnone wp-image-4136 size-medium\" src=\"https:\/\/www.riber.com\/wp-content\/uploads\/2026\/02\/repartition-actionnariat-2024-640x354.png\" alt=\"\" width=\"640\" height=\"354\" srcset=\"https:\/\/www.riber.com\/wp-content\/uploads\/2026\/02\/repartition-actionnariat-2024-640x354.png 640w, https:\/\/www.riber.com\/wp-content\/uploads\/2026\/02\/repartition-actionnariat-2024-768x424.png 768w, https:\/\/www.riber.com\/wp-content\/uploads\/2026\/02\/repartition-actionnariat-2024.png 780w\" sizes=\"auto, (max-width: 640px) 100vw, 640px\" \/><\/p>\n<\/div>\n<div class=\"col colbox finside\"> <div class=\"sidebar-content\"> <div class=\"financewidget\" id=\"text-5\">\t\t\t<div class=\"textwidget\"><h2>Prochain <strong>\u00e9v\u00e9nement<\/strong><\/h2><div class='nexteventtype'>Communiqu\u00e9 de presse<\/div>\n            <div class='nexteventtitle'>Rapport financier annuel 2025 (mise \u00e0 disposition)<\/div>\n            <div class='nexteventdateheure'><div class='nexteventdate'>17\/04\/2026 <i class='fas fa-calendar-day'><\/i><\/div><div class='nexteventheure'><i class='fas fa-clock'><\/i> 18:00<\/div><\/div>\r\n<h2>Communiqu\u00e9s de <strong>presse<\/strong><\/h2><ul class='press'><li><a href='https:\/\/www.riber.com\/fr\/financial_documents\/riber-enregistre-une-solide-progression-de-ses-resultats-en-2025\/'><img decoding=\"async\" src=\"\/wp-content\/themes\/riber\/images\/press-release1.jpg\" loading=\"lazy\" width=\"640\" width=\"500\" alt=\"\" \/><h3>RIBER enregistre une solide progression de ses r\u00e9sultats en 2025<\/h3><\/a><\/li><li><a href='https:\/\/www.riber.com\/fr\/financial_documents\/activite-2025-portee-par-les-systemes-de-production-et-le-deploiement-de-rosie\/'><img decoding=\"async\" src=\"\/wp-content\/themes\/riber\/images\/press-release5.jpg\" loading=\"lazy\" width=\"640\" width=\"500\" alt=\"\" \/><h3>Activit\u00e9 2025 port\u00e9e par les syst\u00e8mes de production et le d\u00e9ploiement de ROSIE<\/h3><\/a><\/li><li><a href='https:\/\/www.riber.com\/fr\/financial_documents\/riber-enregistre-au-japon-une-nouvelle-commande-pour-un-mbe-6000-destine-a-lindustrialisation-de-lasers-a-boites-quantiques-pour-les-applications-datacom\/'><img decoding=\"async\" src=\"\/wp-content\/themes\/riber\/images\/press-release2.jpg\" loading=\"lazy\" width=\"640\" width=\"500\" alt=\"\" \/><h3>RIBER enregistre au Japon une nouvelle commande pour un MBE 6000 destin\u00e9 \u00e0 l\u2019industrialisation de lasers \u00e0 bo\u00eetes quantiques pour les applications Datacom.<\/h3><\/a><\/li><\/ul><p style='text-align:center;'><a class='btn' href='\/fr\/investisseurs\/actualites\/communiques-de-presse\/'>Voir tous les communiqu\u00e9s de presse<\/a><\/p><\/div>\n\t\t<\/div> <\/div> <\/div>\n<\/div>\n","protected":false},"excerpt":{"rendered":"<p>Tableau de bord Euronext Paris Cours March\u00e9 : Euronext Growth Paris Cotation : Continu Code ISIN\u00a0: FR0000075954 TICKER : ALRIB REUTERS : ALRIB.PA BLOOMBERG : ALRIB:FP Premier [&hellip;]<\/p>\n","protected":false},"author":2,"featured_media":0,"parent":395,"menu_order":0,"comment_status":"closed","ping_status":"closed","template":"","meta":{"footnotes":""},"class_list":["post-1996","page","type-page","status-publish","hentry"],"yoast_head":"<!-- This site is optimized with the Yoast SEO plugin v27.2 - https:\/\/yoast.com\/product\/yoast-seo-wordpress\/ -->\n<title>L&#039;action Riber - Riber, Molecular Beam Epitaxy products and services<\/title>\n<meta name=\"robots\" content=\"index, follow, max-snippet:-1, max-image-preview:large, max-video-preview:-1\" \/>\n<link rel=\"canonical\" href=\"https:\/\/www.riber.com\/fr\/investisseurs\/laction-riber\/\" \/>\n<meta property=\"og:locale\" content=\"fr_FR\" \/>\n<meta property=\"og:type\" content=\"article\" \/>\n<meta property=\"og:title\" content=\"L&#039;action Riber - Riber, Molecular Beam Epitaxy products and services\" \/>\n<meta property=\"og:description\" content=\"Tableau de bord Euronext Paris Cours March\u00e9 : Euronext Growth Paris Cotation : Continu Code ISIN\u00a0: FR0000075954 TICKER : ALRIB REUTERS : ALRIB.PA BLOOMBERG : ALRIB:FP Premier [&hellip;]\" \/>\n<meta property=\"og:url\" content=\"https:\/\/www.riber.com\/fr\/investisseurs\/laction-riber\/\" \/>\n<meta property=\"og:site_name\" content=\"Riber, Molecular Beam Epitaxy products and services\" \/>\n<meta property=\"article:modified_time\" content=\"2026-02-09T16:58:25+00:00\" \/>\n<meta property=\"og:image\" content=\"https:\/\/www.riber.com\/wp-content\/uploads\/2026\/02\/repartition-actionnariat-2024-640x354.png\" \/>\n<meta name=\"twitter:card\" content=\"summary_large_image\" \/>\n<meta name=\"twitter:label1\" content=\"Dur\u00e9e de lecture estim\u00e9e\" \/>\n\t<meta name=\"twitter:data1\" content=\"1 minute\" \/>\n<script type=\"application\/ld+json\" class=\"yoast-schema-graph\">{\"@context\":\"https:\/\/schema.org\",\"@graph\":[{\"@type\":\"WebPage\",\"@id\":\"https:\/\/www.riber.com\/fr\/investisseurs\/laction-riber\/\",\"url\":\"https:\/\/www.riber.com\/fr\/investisseurs\/laction-riber\/\",\"name\":\"L'action Riber - Riber, Molecular Beam Epitaxy products and services\",\"isPartOf\":{\"@id\":\"https:\/\/www.riber.com\/fr\/#website\"},\"primaryImageOfPage\":{\"@id\":\"https:\/\/www.riber.com\/fr\/investisseurs\/laction-riber\/#primaryimage\"},\"image\":{\"@id\":\"https:\/\/www.riber.com\/fr\/investisseurs\/laction-riber\/#primaryimage\"},\"thumbnailUrl\":\"https:\/\/www.riber.com\/wp-content\/uploads\/2026\/02\/repartition-actionnariat-2024-640x354.png\",\"datePublished\":\"2020-10-01T09:44:14+00:00\",\"dateModified\":\"2026-02-09T16:58:25+00:00\",\"breadcrumb\":{\"@id\":\"https:\/\/www.riber.com\/fr\/investisseurs\/laction-riber\/#breadcrumb\"},\"inLanguage\":\"fr-FR\",\"potentialAction\":[{\"@type\":\"ReadAction\",\"target\":[\"https:\/\/www.riber.com\/fr\/investisseurs\/laction-riber\/\"]}]},{\"@type\":\"ImageObject\",\"inLanguage\":\"fr-FR\",\"@id\":\"https:\/\/www.riber.com\/fr\/investisseurs\/laction-riber\/#primaryimage\",\"url\":\"https:\/\/www.riber.com\/wp-content\/uploads\/2026\/02\/repartition-actionnariat-2024-640x354.png\",\"contentUrl\":\"https:\/\/www.riber.com\/wp-content\/uploads\/2026\/02\/repartition-actionnariat-2024-640x354.png\"},{\"@type\":\"BreadcrumbList\",\"@id\":\"https:\/\/www.riber.com\/fr\/investisseurs\/laction-riber\/#breadcrumb\",\"itemListElement\":[{\"@type\":\"ListItem\",\"position\":1,\"name\":\"Accueil\",\"item\":\"https:\/\/www.riber.com\/fr\/\"},{\"@type\":\"ListItem\",\"position\":2,\"name\":\"Investisseurs\",\"item\":\"https:\/\/www.riber.com\/fr\/investisseurs\/\"},{\"@type\":\"ListItem\",\"position\":3,\"name\":\"L&rsquo;action Riber\"}]},{\"@type\":\"WebSite\",\"@id\":\"https:\/\/www.riber.com\/fr\/#website\",\"url\":\"https:\/\/www.riber.com\/fr\/\",\"name\":\"Riber, Molecular Beam Epitaxy products and services\",\"description\":\"\",\"potentialAction\":[{\"@type\":\"SearchAction\",\"target\":{\"@type\":\"EntryPoint\",\"urlTemplate\":\"https:\/\/www.riber.com\/fr\/?s={search_term_string}\"},\"query-input\":{\"@type\":\"PropertyValueSpecification\",\"valueRequired\":true,\"valueName\":\"search_term_string\"}}],\"inLanguage\":\"fr-FR\"}]}<\/script>\n<!-- \/ Yoast SEO plugin. -->","yoast_head_json":{"title":"L'action Riber - Riber, Molecular Beam Epitaxy products and services","robots":{"index":"index","follow":"follow","max-snippet":"max-snippet:-1","max-image-preview":"max-image-preview:large","max-video-preview":"max-video-preview:-1"},"canonical":"https:\/\/www.riber.com\/fr\/investisseurs\/laction-riber\/","og_locale":"fr_FR","og_type":"article","og_title":"L'action Riber - Riber, Molecular Beam Epitaxy products and services","og_description":"Tableau de bord Euronext Paris Cours March\u00e9 : Euronext Growth Paris Cotation : Continu Code ISIN\u00a0: FR0000075954 TICKER : ALRIB REUTERS : ALRIB.PA BLOOMBERG : ALRIB:FP Premier [&hellip;]","og_url":"https:\/\/www.riber.com\/fr\/investisseurs\/laction-riber\/","og_site_name":"Riber, Molecular Beam Epitaxy products and services","article_modified_time":"2026-02-09T16:58:25+00:00","og_image":[{"url":"https:\/\/www.riber.com\/wp-content\/uploads\/2026\/02\/repartition-actionnariat-2024-640x354.png","type":"","width":"","height":""}],"twitter_card":"summary_large_image","twitter_misc":{"Dur\u00e9e de lecture estim\u00e9e":"1 minute"},"schema":{"@context":"https:\/\/schema.org","@graph":[{"@type":"WebPage","@id":"https:\/\/www.riber.com\/fr\/investisseurs\/laction-riber\/","url":"https:\/\/www.riber.com\/fr\/investisseurs\/laction-riber\/","name":"L'action Riber - Riber, Molecular Beam Epitaxy products and services","isPartOf":{"@id":"https:\/\/www.riber.com\/fr\/#website"},"primaryImageOfPage":{"@id":"https:\/\/www.riber.com\/fr\/investisseurs\/laction-riber\/#primaryimage"},"image":{"@id":"https:\/\/www.riber.com\/fr\/investisseurs\/laction-riber\/#primaryimage"},"thumbnailUrl":"https:\/\/www.riber.com\/wp-content\/uploads\/2026\/02\/repartition-actionnariat-2024-640x354.png","datePublished":"2020-10-01T09:44:14+00:00","dateModified":"2026-02-09T16:58:25+00:00","breadcrumb":{"@id":"https:\/\/www.riber.com\/fr\/investisseurs\/laction-riber\/#breadcrumb"},"inLanguage":"fr-FR","potentialAction":[{"@type":"ReadAction","target":["https:\/\/www.riber.com\/fr\/investisseurs\/laction-riber\/"]}]},{"@type":"ImageObject","inLanguage":"fr-FR","@id":"https:\/\/www.riber.com\/fr\/investisseurs\/laction-riber\/#primaryimage","url":"https:\/\/www.riber.com\/wp-content\/uploads\/2026\/02\/repartition-actionnariat-2024-640x354.png","contentUrl":"https:\/\/www.riber.com\/wp-content\/uploads\/2026\/02\/repartition-actionnariat-2024-640x354.png"},{"@type":"BreadcrumbList","@id":"https:\/\/www.riber.com\/fr\/investisseurs\/laction-riber\/#breadcrumb","itemListElement":[{"@type":"ListItem","position":1,"name":"Accueil","item":"https:\/\/www.riber.com\/fr\/"},{"@type":"ListItem","position":2,"name":"Investisseurs","item":"https:\/\/www.riber.com\/fr\/investisseurs\/"},{"@type":"ListItem","position":3,"name":"L&rsquo;action Riber"}]},{"@type":"WebSite","@id":"https:\/\/www.riber.com\/fr\/#website","url":"https:\/\/www.riber.com\/fr\/","name":"Riber, Molecular Beam Epitaxy products and services","description":"","potentialAction":[{"@type":"SearchAction","target":{"@type":"EntryPoint","urlTemplate":"https:\/\/www.riber.com\/fr\/?s={search_term_string}"},"query-input":{"@type":"PropertyValueSpecification","valueRequired":true,"valueName":"search_term_string"}}],"inLanguage":"fr-FR"}]}},"_links":{"self":[{"href":"https:\/\/www.riber.com\/fr\/wp-json\/wp\/v2\/pages\/1996","targetHints":{"allow":["GET"]}}],"collection":[{"href":"https:\/\/www.riber.com\/fr\/wp-json\/wp\/v2\/pages"}],"about":[{"href":"https:\/\/www.riber.com\/fr\/wp-json\/wp\/v2\/types\/page"}],"author":[{"embeddable":true,"href":"https:\/\/www.riber.com\/fr\/wp-json\/wp\/v2\/users\/2"}],"replies":[{"embeddable":true,"href":"https:\/\/www.riber.com\/fr\/wp-json\/wp\/v2\/comments?post=1996"}],"version-history":[{"count":14,"href":"https:\/\/www.riber.com\/fr\/wp-json\/wp\/v2\/pages\/1996\/revisions"}],"predecessor-version":[{"id":2770,"href":"https:\/\/www.riber.com\/fr\/wp-json\/wp\/v2\/pages\/1996\/revisions\/2770"}],"up":[{"embeddable":true,"href":"https:\/\/www.riber.com\/fr\/wp-json\/wp\/v2\/pages\/395"}],"wp:attachment":[{"href":"https:\/\/www.riber.com\/fr\/wp-json\/wp\/v2\/media?parent=1996"}],"curies":[{"name":"wp","href":"https:\/\/api.w.org\/{rel}","templated":true}]}}