{"id":2604,"date":"2022-02-15T08:51:31","date_gmt":"2022-02-15T07:51:31","guid":{"rendered":"https:\/\/www.riber.com\/conditions-generales-dachat\/"},"modified":"2022-02-18T17:20:55","modified_gmt":"2022-02-18T16:20:55","slug":"conditions-generales-dachat","status":"publish","type":"page","link":"https:\/\/www.riber.com\/fr\/conditions-generales-dachat\/","title":{"rendered":"Conditions G\u00e9n\u00e9rales d&rsquo;Achat"},"content":{"rendered":"<div class=\"textmaxwidth static\">\n<h2>Article 1 &#8211; COMMANDE ET ACCEPTATION DE COMMANDE<\/h2>\n<p>1.1 Toute commande pass\u00e9e par RIBER est exclusivement soumise aux pr\u00e9sentes Conditions G\u00e9n\u00e9rales d&rsquo;Achat, compl\u00e9t\u00e9es par les dispositions du bon de commande, qui pr\u00e9cise, en particulier, l&rsquo;objet de la commande ainsi que le lieu et la date de livraison. En cas de contradiction entre les dispositions des pr\u00e9sentes Conditions G\u00e9n\u00e9rales d&rsquo;Achat et celles du bon de commande, ces derni\u00e8res pr\u00e9valent.<\/p>\n<p>1.2 RIBER passe ses commandes en envoyant par mail un bon de commande comportant un accus\u00e9 de r\u00e9ception. Un bon de commande n&rsquo;engage valablement RIBER que s&rsquo;il porte la signature d&rsquo;une personne habilit\u00e9e \u00e0 l&rsquo;engager. Le fournisseur est tenu d&rsquo;accepter la commande dans les termes m\u00eames de celle-ci, en retournant \u00e0 RIBER l&rsquo;accus\u00e9 de r\u00e9ception de la commande d\u00fbment sign\u00e9 dans un d\u00e9lai de 8 jours de la r\u00e9ception du bon de commande. En l&rsquo;absence de r\u00e9ponse dans ce d\u00e9lai, la commande est r\u00e9put\u00e9e refus\u00e9e.<\/p>\n<p>1.3 L&rsquo;acceptation de la commande par le fournisseur emporte, en tout \u00e9tat de cause, acceptation pure et simple des<br \/>\ndispositions des pr\u00e9sentes Conditions G\u00e9n\u00e9rales d&rsquo;Achat et du bon de commande. Le fournisseur renonce \u00e0 se pr\u00e9valoir de toutes dispositions contraires ou diff\u00e9rentes figurant dans ses propres conditions g\u00e9n\u00e9rales de vente et tous autres de ses documents commerciaux. EN PARTICULIER, LE FOURNISSEUR RENONCE A SE PREVALOIR D&rsquo;UNE EVENTUELLE CLAUSE DE RESERVE DE PROPRIETE, D&rsquo;UNE CLAUSE D\u2019ATTRIBUTION DE JURIDICTION OU D\u2019UNE QUELCONQUE CLAUSE LIMITATITVE DE RESPONSABILITE.<\/p>\n<h2>Article 2 &#8211; ETUDES ET PROJETS &#8211; ECHANTILLONS ET DOCUMENTS<\/h2>\n<p>2.1 Les plans, \u00e9tudes, projets, \u00e9chantillons et documents de quelque nature que ce soit, remis par tous moyens et sous quelque forme et support que ce soit par RIBER au fournisseur tant pour les besoins d&rsquo;une \u00e9ventuelle commande que pour l&rsquo;ex\u00e9cution d&rsquo;une commande (ci-apr\u00e8s les \u00ab\u00a0Informations Confidentielles\u00a0\u00bb), le sont \u00e0 titre strictement confidentiel. Le fournisseur s&rsquo;engage \u00e0 pr\u00e9server la confidentialit\u00e9 des Informations Confidentielles et s&rsquo;interdit de faire toute copie des Informations Confidentielles, sauf si cette copie s\u2019av\u00e8re strictement n\u00e9cessaire \u00e0 l&rsquo;ex\u00e9cution de la commande. Il s&rsquo;engage \u00e0 restituer les Informations Confidentielles \u00e0 RIBER, \u00e0 premi\u00e8re demande de celle-ci, et en tous cas d\u00e8s la commande achev\u00e9e.<\/p>\n<p>2.2 Les Informations Confidentielles demeurent la pleine et enti\u00e8re propri\u00e9t\u00e9 de RIBER, que leur remise ou transmission soit ou non suivie d&rsquo;une commande, sauf accord contraire expr\u00e8s entre les parties. Le fournisseur s&rsquo;interdit d&rsquo;exploiter les Informations Confidentielles pour son propre compte ou pour le compte de tiers ou \u00e0 toute autre fin que l&rsquo;ex\u00e9cution de la commande de RIBER.<\/p>\n<p>2.3 Le fournisseur se porte fort du respect par son personnel et\/ou ses sous-traitants des r\u00e8gles \u00e9nonc\u00e9es ci-dessus<br \/>\nrelatives aux Informations Confidentielles.<\/p>\n<h2>Article 3 &#8211; EXECUTION DE LA COMMANDE<\/h2>\n<p>3.1 Le fournisseur autorise toute personne d\u00fbment mandat\u00e9e par RIBER \u00e0 acc\u00e9der \u00e0 ses locaux pour inspecter les outillages, fournitures et en-cours concernant les commandes de RIBER.<\/p>\n<p>3.2 Le fournisseur peut recourir \u00e0 des sous-traitants, \u00e0 ses risques et p\u00e9rils, sous son enti\u00e8re et exclusive responsabilit\u00e9 et sous r\u00e9serve de leur agr\u00e9ment \u00e9crit pr\u00e9alable par RIBER. Les contrats pass\u00e9s entre le fournisseur et ses sous-traitants doivent \u00eatre conformes aux pr\u00e9sentes.<\/p>\n<h2>Article 4 &#8211; OUTILLAGE<\/h2>\n<p>4.1 La propri\u00e9t\u00e9 des outillages fabriqu\u00e9s par le fournisseur ou ses sous-traitant pour l&rsquo;ex\u00e9cution de commandes de RIBER est transf\u00e9r\u00e9e de plein droit \u00e0 RIBER, d\u00e8s complet paiement de leur prix par RIBER. A tout moment, apr\u00e8s acquisition de leur propri\u00e9t\u00e9 comme indiqu\u00e9 ci-dessus, RIBER pourra r\u00e9cup\u00e9rer les outillages sur simple demande. Les frais de d\u00e9montage et de transport seront \u00e0 la charge du fournisseur.<\/p>\n<p>4.2 Le fournisseur gardera les outillages propri\u00e9t\u00e9 de RIBER en bon p\u00e8re de famille et les maintiendra en bon \u00e9tat de fonctionnement, et indemnisera RIBER de leur valeur \u00e0 neuf au cas o\u00f9 ils viendraient \u00e0 \u00eatre endommag\u00e9s ou \u00e0 dispara\u00eetre pour quelque cause que ce soit.<\/p>\n<p>4.3 Les outillages ne peuvent \u00eatre modifi\u00e9s, transform\u00e9s ou r\u00e9par\u00e9s sans l&rsquo;accord pr\u00e9alable \u00e9crit de RIBER. Les outillages devront n&rsquo;\u00eatre utilis\u00e9s que pour satisfaire les commandes de RIBER, et ne peuvent, en aucune mani\u00e8re, \u00eatre utilis\u00e9s pour l&rsquo;ex\u00e9cution de commandes de tiers, sauf autorisation \u00e9crite pr\u00e9alable de RIBER.<\/p>\n<h2>Article 5 &#8211; LIVRAISON DES PRODUITS<\/h2>\n<p>5.1 Les livraisons s&rsquo;effectuent dans les locaux de RIBER, \u00e0 l&rsquo;adresse pr\u00e9cis\u00e9e sur le bon de commande. Chaque livraison doit \u00eatre accompagn\u00e9e d&rsquo;un bon de livraison portant le num\u00e9ro de la commande et une mention expresse si l&#8217;emballage est consign\u00e9. A d\u00e9faut d&rsquo;une telle mention, l&#8217;emballage sera r\u00e9put\u00e9 non consign\u00e9. Tout transitaire devra \u00eatre choisi ou au minimum agr\u00e9\u00e9, au pr\u00e9alable, par \u00e9crit, par RIBER. Sauf accord expr\u00e8s contraire entre les parties, le transfert de la propri\u00e9t\u00e9 et des risques (y compris notamment les risques de perte ou d&rsquo;avarie) s&rsquo;op\u00e8re au moment de la r\u00e9ception par RIBER des produits, telle que d\u00e9finie \u00e0 l&rsquo;article 6 ci-apr\u00e8s. Le fournisseur garantit \u00e0 RIBER qu&rsquo;il a pris toutes assurances n\u00e9cessaires \u00e0 couvrir ces risques.<\/p>\n<p>5.2 Les livraisons s&rsquo;effectuent \u00e0 la date de livraison pr\u00e9cis\u00e9e sur le bon de commande, qui est imp\u00e9rative et s&rsquo;entend comme la date d&rsquo;arriv\u00e9e des produits dans les locaux de RIBER et non la date d&rsquo;exp\u00e9dition. Si le fournisseur refuse le d\u00e9lai de livraison indiqu\u00e9 sur le bon de commande, il est tenu d&rsquo;en aviser RIBER \u00e0 r\u00e9ception du bon de commande.<br \/>\nEn cas de retard de livraison, RIBER pourra r\u00e9silier de plein droit la commande comme indiqu\u00e9 \u00e0 l&rsquo;article 8 ci-apr\u00e8s.<br \/>\nTout retard de livraison entra\u00eene en outre de plein droit, et sans n\u00e9cessit\u00e9 d&rsquo;aucune mise en demeure pr\u00e9alable, le versement par le fournisseur \u00e0 RIBER, d&rsquo;une somme \u00e9gale \u00e0 3% du montant hors taxes de la commande, par semaine de retard, plafonn\u00e9e \u00e0 5% du montant hors taxes de la commande, sans pr\u00e9judice de tous dommages et int\u00e9r\u00eats. Toute semaine commenc\u00e9e est due. Cette somme pourra \u00eatre vers\u00e9e \u00e0 RIBER sous forme d&rsquo;avoir.<\/p>\n<p>5.3 Les produits livr\u00e9s par le fournisseur doivent \u00eatre de qualit\u00e9 irr\u00e9prochable, \u00eatre adapt\u00e9s \u00e0 l&rsquo;utilisation pour laquelle ils sont vendus, \u00eatre exempts de vices et \u00eatre conformes aux r\u00e9glementations et normes y applicables, tant en mati\u00e8re de qualit\u00e9, de s\u00e9curit\u00e9, d&rsquo;environnement que de composition et d&rsquo;\u00e9tiquetage.<\/p>\n<h2>Article 6 &#8211; RECEPTION\/ACCEPTATION DES PRODUITS<\/h2>\n<p>6.1 La signature du bon de livraison et\/ou la d\u00e9charge donn\u00e9e \u00e0 un livreur au moment de la r\u00e9ception de la commande ne peut \u00eatre oppos\u00e9e \u00e0 RIBER si les contr\u00f4les ult\u00e9rieurs r\u00e9v\u00e8lent la non-conformit\u00e9 ou le mauvais fonctionnement des produits livr\u00e9s.<\/p>\n<p>6.2 Quantit\u00e9s : Les quantit\u00e9s command\u00e9es ne pourront \u00eatre modifi\u00e9es que sur accord \u00e9crit pr\u00e9alable de RIBER. Tout exc\u00e9dent de livraison non autoris\u00e9 devra \u00eatre repris par le fournisseur dans un d\u00e9lai maximum de huit (8) jours suivant la livraison ou sera r\u00e9exp\u00e9di\u00e9 par RIBER aux frais, risques et p\u00e9rils du fournisseur, sans pr\u00e9judice de tous dommages et int\u00e9r\u00eats. La non-livraison par le fournisseur de la totalit\u00e9 de la commande conf\u00e8re \u00e0 RIBER le droit d&rsquo;annuler de plein droit cette derni\u00e8re comme indiqu\u00e9 \u00e0 l&rsquo;article 8 ci-apr\u00e8s.<\/p>\n<p>6.3 Qualit\u00e9 : Les produits de qualit\u00e9 non marchande ou non conformes aux r\u00e8gles de l&rsquo;art et\/ou \u00e0 la commande pourront \u00eatre refus\u00e9s dans les trente (30) jours suivant leur livraison. Les produits refus\u00e9s devront \u00eatre enlev\u00e9s dans un d\u00e9lai maximum de huit (8) jours \u00e0 compter de la notification \u00e9crite de refus adress\u00e9e au fournisseur. Pass\u00e9 ce d\u00e9lai, RIBER se r\u00e9serve le droit de retourner les produits d&rsquo;office au fournisseur, aux frais, risques et p\u00e9rils de ce dernier, ou de les entreposer aux frais, risques et p\u00e9rils du fournisseur, sans pr\u00e9judice de tous dommages et int\u00e9r\u00eats.<\/p>\n<p>6.4 Garanties : Le fournisseur garantit les produits livr\u00e9s contre tous d\u00e9fauts de conception, de fabrication ou de mati\u00e8re pendant une p\u00e9riode de dix-huit (18) mois \u00e0 compter de la date de r\u00e9ception des produits, sauf accord contraire \u00e9crit entre les parties. Au titre de cette garantie, le fournisseur s&rsquo;engage \u00e0 remplacer ou r\u00e9parer, \u00e0 ses frais (y compris les frais de d\u00e9montage et de transport), les produits d\u00e9fectueux, \u00e0 premi\u00e8re demande de RIBER.<\/p>\n<h2>Article 7 &#8211; PRIX ET CONDITIONS DE PAIEMENT<\/h2>\n<p>7.1 Les prix des produits command\u00e9s sont indiqu\u00e9s sur le bon de commande. Ils s&rsquo;entendent franco de port et d&#8217;emballage \u00e0 domicile, nets de tous droits, notamment de taxes douani\u00e8res, sauf disposition contraire figurant sur le bon de commande. Les prix sont fermes et non r\u00e9visables. Toutefois, les prix pourront \u00eatre revus, \u00e0 la hausse ou \u00e0 la baisse, d&rsquo;un commun accord entre les parties, en fonction de la variation du cours ou du prix moyen des mati\u00e8res premi\u00e8res. D\u00e8s lors, l\u2019application de l\u2019article 1195 du code civil fran\u00e7ais est exclu et le fournisseur renonce \u00e0 s\u2019en pr\u00e9valoir.<\/p>\n<p>7.2 Les r\u00e8glements des factures sont effectu\u00e9s \u00e0 45 jours fin de mois de livraison, sous r\u00e9serve que les produits aient \u00e9t\u00e9 livr\u00e9s au lieu indiqu\u00e9 par RIBER et dans le d\u00e9lai de livraison pr\u00e9vu, et accept\u00e9s selon la proc\u00e9dure pr\u00e9vue \u00e0 l&rsquo;article 6 ci-dessus.<\/p>\n<h2>Article 8 &#8211; ANNULATION &#8211; RESILIATION<\/h2>\n<p>8.1 RIBER se r\u00e9serve le droit d&rsquo;annuler, en totalit\u00e9 ou en partie, par simple mail, toute commande qui n\u2019aurait pas encore fait l&rsquo;objet d&rsquo;une acceptation du fournisseur conforme aux dispositions de l&rsquo;article 1.2 ci-dessus, et ce, sans que le fournisseur ne puisse r\u00e9clamer quelque indemnit\u00e9 que ce soit de ce chef.<\/p>\n<p>8.2 RIBER se r\u00e9serve le droit de r\u00e9silier, par lettre recommand\u00e9e avec accus\u00e9 de r\u00e9ception, en totalit\u00e9 ou en partie, de plein droit, sans qu&rsquo;aucune formalit\u00e9 judiciaire ne soit n\u00e9cessaire et sans que le fournisseur ne puisse r\u00e9clamer quelque indemnit\u00e9 que ce soit de ce chef :<\/p>\n<ul>\n<li>a) toute commande n&rsquo;ayant pas fait l&rsquo;objet d&rsquo;une livraison compl\u00e8te \u00e0 la date ou \u00e0 l&rsquo;expiration du d\u00e9lai fix\u00e9 dans le bon de commande, et ayant donn\u00e9 lieu \u00e0 l\u2019envoi par RIBER au fournisseur d&rsquo;une mise en demeure par lettre recommand\u00e9e avec accus\u00e9 de r\u00e9ception d\u2019avoir \u00e0 effectuer la livraison compl\u00e8te dans les huit jours de la r\u00e9ception de ladite lettre, cette mise en demeure \u00e9tant rest\u00e9e infructueuse ;<\/li>\n<li>b) toute commande dont le fournisseur n&rsquo;est plus \u00e0 m\u00eame de garantir l\u2019ex\u00e9cution dans les conditions convenues ;<\/li>\n<li>c) toute commande dont l&rsquo;ex\u00e9cution par le fournisseur est emp\u00each\u00e9e ou dont la date de livraison pr\u00e9vue dans le bon de commande est retard\u00e9e de plus de 20 jours pour cause de force majeure.<\/li>\n<\/ul>\n<p>La r\u00e9siliation sera effective d\u00e8s r\u00e9ception de la lettre recommand\u00e9e susvis\u00e9e.<\/p>\n<p>8.3 En outre, en cas de r\u00e9siliation de la commande comme indiqu\u00e9 aux paragraphes a) et b) de l\u2019article 8.2 ci-dessus, RIBER pourra faire ex\u00e9cuter la commande en question ou son solde par tout tiers de son choix, tous frais, charges, p\u00e9nalit\u00e9s et cons\u00e9quences de toute nature subis par RIBER du fait dudit changement de fournisseur \u00e9tant \u00e0 la charge du fournisseur d\u00e9faillant.<\/p>\n<h2>Article 9 &#8211; FORCE MAJEURE<\/h2>\n<p>La force majeure, au sens que lui donnent le code civil et la jurisprudence fran\u00e7aise, suspend l&rsquo;ex\u00e9cution des obligations des pr\u00e9sentes qu&rsquo;elle affecte pendant une dur\u00e9e qui ne saurait exc\u00e9der 20 jours. Au-del\u00e0 de cette dur\u00e9e, chacune des parties devra reprendre l\u2019ex\u00e9cution des obligations qui lui incombent mais aura la facult\u00e9 de r\u00e9silier la commande concern\u00e9e, de plein droit, sans qu&rsquo;aucune formalit\u00e9 judiciaire ne soit n\u00e9cessaire, par lettre recommand\u00e9e avec accus\u00e9 de r\u00e9ception.<br \/>\nLa r\u00e9siliation sera effective d\u00e8s r\u00e9ception de cette lettre.<\/p>\n<h2>Article 10 &#8211; PROPRIETE INTELLECTUELLE<\/h2>\n<p>10.1 RIBER est investi de tous les droits de propri\u00e9t\u00e9 intellectuelle portant sur les d\u00e9veloppements, produits, outillages, et la documentation s&rsquo;y rapportant, r\u00e9alis\u00e9s par le fournisseur \u00e0 sa demande et d\u00fbment pay\u00e9s.<\/p>\n<p>10.2 Par son acceptation de la commande, le fournisseur garantit que les produits et, le cas \u00e9ch\u00e9ant, les outillages vis\u00e9s par cette commande n&rsquo;enfreignent aucun droit de propri\u00e9t\u00e9 intellectuelle, notamment brevet ou marque en vigueur, dont un tiers serait titulaire, et s&rsquo;engage \u00e0 conduire, \u00e0 ses seuls frais, tout proc\u00e8s ou autres actions qui pourraient \u00eatre intent\u00e9s pour cause de contrefa\u00e7on de droits de propri\u00e9t\u00e9 intellectuelle aff\u00e9rents aux produits et outillages fournis \u00e0 RIBER, contre RIBER, ses clients ou tout tiers \u00e0 l&rsquo;\u00e9gard duquel RIBER est un simple interm\u00e9diaire pour l&rsquo;achat des produits et outillages en cause. Le fournisseur s\u2019engage \u00e9galement \u00e0 prendre \u00e0 sa charge toutes cons\u00e9quences et condamnations p\u00e9cuniaires li\u00e9es \u00e0 un tel proc\u00e8s ou \u00e0 une telle action. De plus, le fournisseur devra, \u00e0 ses frais et au choix de RIBER, soit obtenir le droit de continuer \u00e0 utiliser les produits objets de la commande, soit remplacer ou modifier ces produits pour qu&rsquo;ils cessent de constituer une contrefa\u00e7on tout en assurant les fonctions pr\u00e9vues par les parties, soit, si ce qui pr\u00e9c\u00e8de est difficilement r\u00e9alisable, reprendre les produits en les rempla\u00e7ant par des produits \u00e9quivalents, le tout sans pr\u00e9judice de tous dommages et int\u00e9r\u00eats qui pourraient \u00eatre dus \u00e0 RIBER en r\u00e9paration des pr\u00e9judices subis.<\/p>\n<h2>Article 11 &#8211; PUBLICITE\/REFERENCE<\/h2>\n<p>En aucun cas le fournisseur ne peut exploiter des commandes de RIBER, des produits de RIBER, ou encore le nom m\u00eame de RIBER \u00e0 des fins de promotion et publicit\u00e9 personnelle ou de son activit\u00e9, sous quelque forme et sur quelque support que ce soit, sauf accord pr\u00e9alable \u00e9crit de RIBER.<\/p>\n<h2>Article 12 &#8211; LOI APPLICABLE &#8211; ATTRIBUTION DE COMPETENCE<\/h2>\n<p>12.1 Les relations commerciales entre RIBER et ses fournisseurs sont imp\u00e9rativement r\u00e9gies par le droit fran\u00e7ais, auquel ceux-ci acceptent express\u00e9ment de se soumettre.<\/p>\n<p>12.2 TOUT LITIGE RELATIF AUX PRESENTES, ET PLUS GENERALEMENT A TOUTE COMMANDE PASSEE PAR RIBER AUPRES DU FOURNISSEUR, RELEVE DE LA COMPETENCE EXCLUSIVE DU TRIBUNAL DE COMMERCE DE NANTERRE, NONOBSTANT TOUTES DISPOSITIONS CONTRAIRES DES CONDITIONS GENERALES DE VENTE DU FOURNISSEUR OU DE L&rsquo;UN QUELCONQUE DE SES DOCUMENTS COMMERCIAUX.<\/p>\n<\/div>\n","protected":false},"excerpt":{"rendered":"<p>Article 1 &#8211; COMMANDE ET ACCEPTATION DE COMMANDE 1.1 Toute commande pass\u00e9e par RIBER est exclusivement soumise aux pr\u00e9sentes Conditions G\u00e9n\u00e9rales d&rsquo;Achat, compl\u00e9t\u00e9es par les dispositions du [&hellip;]<\/p>\n","protected":false},"author":5,"featured_media":0,"parent":0,"menu_order":0,"comment_status":"closed","ping_status":"closed","template":"","meta":{"footnotes":""},"class_list":["post-2604","page","type-page","status-publish","hentry"],"yoast_head":"<!-- This site is optimized with the Yoast SEO plugin v27.2 - https:\/\/yoast.com\/product\/yoast-seo-wordpress\/ -->\n<title>Conditions G\u00e9n\u00e9rales d&#039;Achat - Riber, Molecular Beam Epitaxy products and services<\/title>\n<meta name=\"robots\" content=\"index, follow, max-snippet:-1, max-image-preview:large, max-video-preview:-1\" \/>\n<link rel=\"canonical\" href=\"https:\/\/www.riber.com\/fr\/conditions-generales-dachat\/\" \/>\n<meta property=\"og:locale\" content=\"fr_FR\" \/>\n<meta property=\"og:type\" content=\"article\" \/>\n<meta property=\"og:title\" content=\"Conditions G\u00e9n\u00e9rales d&#039;Achat - Riber, Molecular Beam Epitaxy products and services\" \/>\n<meta property=\"og:description\" content=\"Article 1 &#8211; COMMANDE ET ACCEPTATION DE COMMANDE 1.1 Toute commande pass\u00e9e par RIBER est exclusivement soumise aux pr\u00e9sentes Conditions G\u00e9n\u00e9rales d&rsquo;Achat, compl\u00e9t\u00e9es par les dispositions du [&hellip;]\" \/>\n<meta property=\"og:url\" content=\"https:\/\/www.riber.com\/fr\/conditions-generales-dachat\/\" \/>\n<meta property=\"og:site_name\" content=\"Riber, Molecular Beam Epitaxy products and services\" \/>\n<meta property=\"article:modified_time\" content=\"2022-02-18T16:20:55+00:00\" \/>\n<meta name=\"twitter:card\" content=\"summary_large_image\" \/>\n<meta name=\"twitter:label1\" content=\"Dur\u00e9e de lecture estim\u00e9e\" \/>\n\t<meta name=\"twitter:data1\" content=\"12 minutes\" \/>\n<script type=\"application\/ld+json\" class=\"yoast-schema-graph\">{\"@context\":\"https:\/\/schema.org\",\"@graph\":[{\"@type\":\"WebPage\",\"@id\":\"https:\/\/www.riber.com\/fr\/conditions-generales-dachat\/\",\"url\":\"https:\/\/www.riber.com\/fr\/conditions-generales-dachat\/\",\"name\":\"Conditions G\u00e9n\u00e9rales d'Achat - Riber, Molecular Beam Epitaxy products and services\",\"isPartOf\":{\"@id\":\"https:\/\/www.riber.com\/fr\/#website\"},\"datePublished\":\"2022-02-15T07:51:31+00:00\",\"dateModified\":\"2022-02-18T16:20:55+00:00\",\"breadcrumb\":{\"@id\":\"https:\/\/www.riber.com\/fr\/conditions-generales-dachat\/#breadcrumb\"},\"inLanguage\":\"fr-FR\",\"potentialAction\":[{\"@type\":\"ReadAction\",\"target\":[\"https:\/\/www.riber.com\/fr\/conditions-generales-dachat\/\"]}]},{\"@type\":\"BreadcrumbList\",\"@id\":\"https:\/\/www.riber.com\/fr\/conditions-generales-dachat\/#breadcrumb\",\"itemListElement\":[{\"@type\":\"ListItem\",\"position\":1,\"name\":\"Accueil\",\"item\":\"https:\/\/www.riber.com\/fr\/\"},{\"@type\":\"ListItem\",\"position\":2,\"name\":\"Conditions G\u00e9n\u00e9rales d&#8217;Achat\"}]},{\"@type\":\"WebSite\",\"@id\":\"https:\/\/www.riber.com\/fr\/#website\",\"url\":\"https:\/\/www.riber.com\/fr\/\",\"name\":\"Riber, Molecular Beam Epitaxy products and services\",\"description\":\"\",\"potentialAction\":[{\"@type\":\"SearchAction\",\"target\":{\"@type\":\"EntryPoint\",\"urlTemplate\":\"https:\/\/www.riber.com\/fr\/?s={search_term_string}\"},\"query-input\":{\"@type\":\"PropertyValueSpecification\",\"valueRequired\":true,\"valueName\":\"search_term_string\"}}],\"inLanguage\":\"fr-FR\"}]}<\/script>\n<!-- \/ Yoast SEO plugin. -->","yoast_head_json":{"title":"Conditions G\u00e9n\u00e9rales d'Achat - Riber, Molecular Beam Epitaxy products and services","robots":{"index":"index","follow":"follow","max-snippet":"max-snippet:-1","max-image-preview":"max-image-preview:large","max-video-preview":"max-video-preview:-1"},"canonical":"https:\/\/www.riber.com\/fr\/conditions-generales-dachat\/","og_locale":"fr_FR","og_type":"article","og_title":"Conditions G\u00e9n\u00e9rales d'Achat - Riber, Molecular Beam Epitaxy products and services","og_description":"Article 1 &#8211; COMMANDE ET ACCEPTATION DE COMMANDE 1.1 Toute commande pass\u00e9e par RIBER est exclusivement soumise aux pr\u00e9sentes Conditions G\u00e9n\u00e9rales d&rsquo;Achat, compl\u00e9t\u00e9es par les dispositions du [&hellip;]","og_url":"https:\/\/www.riber.com\/fr\/conditions-generales-dachat\/","og_site_name":"Riber, Molecular Beam Epitaxy products and services","article_modified_time":"2022-02-18T16:20:55+00:00","twitter_card":"summary_large_image","twitter_misc":{"Dur\u00e9e de lecture estim\u00e9e":"12 minutes"},"schema":{"@context":"https:\/\/schema.org","@graph":[{"@type":"WebPage","@id":"https:\/\/www.riber.com\/fr\/conditions-generales-dachat\/","url":"https:\/\/www.riber.com\/fr\/conditions-generales-dachat\/","name":"Conditions G\u00e9n\u00e9rales d'Achat - Riber, Molecular Beam Epitaxy products and services","isPartOf":{"@id":"https:\/\/www.riber.com\/fr\/#website"},"datePublished":"2022-02-15T07:51:31+00:00","dateModified":"2022-02-18T16:20:55+00:00","breadcrumb":{"@id":"https:\/\/www.riber.com\/fr\/conditions-generales-dachat\/#breadcrumb"},"inLanguage":"fr-FR","potentialAction":[{"@type":"ReadAction","target":["https:\/\/www.riber.com\/fr\/conditions-generales-dachat\/"]}]},{"@type":"BreadcrumbList","@id":"https:\/\/www.riber.com\/fr\/conditions-generales-dachat\/#breadcrumb","itemListElement":[{"@type":"ListItem","position":1,"name":"Accueil","item":"https:\/\/www.riber.com\/fr\/"},{"@type":"ListItem","position":2,"name":"Conditions G\u00e9n\u00e9rales d&#8217;Achat"}]},{"@type":"WebSite","@id":"https:\/\/www.riber.com\/fr\/#website","url":"https:\/\/www.riber.com\/fr\/","name":"Riber, Molecular Beam Epitaxy products and services","description":"","potentialAction":[{"@type":"SearchAction","target":{"@type":"EntryPoint","urlTemplate":"https:\/\/www.riber.com\/fr\/?s={search_term_string}"},"query-input":{"@type":"PropertyValueSpecification","valueRequired":true,"valueName":"search_term_string"}}],"inLanguage":"fr-FR"}]}},"_links":{"self":[{"href":"https:\/\/www.riber.com\/fr\/wp-json\/wp\/v2\/pages\/2604","targetHints":{"allow":["GET"]}}],"collection":[{"href":"https:\/\/www.riber.com\/fr\/wp-json\/wp\/v2\/pages"}],"about":[{"href":"https:\/\/www.riber.com\/fr\/wp-json\/wp\/v2\/types\/page"}],"author":[{"embeddable":true,"href":"https:\/\/www.riber.com\/fr\/wp-json\/wp\/v2\/users\/5"}],"replies":[{"embeddable":true,"href":"https:\/\/www.riber.com\/fr\/wp-json\/wp\/v2\/comments?post=2604"}],"version-history":[{"count":3,"href":"https:\/\/www.riber.com\/fr\/wp-json\/wp\/v2\/pages\/2604\/revisions"}],"predecessor-version":[{"id":2607,"href":"https:\/\/www.riber.com\/fr\/wp-json\/wp\/v2\/pages\/2604\/revisions\/2607"}],"wp:attachment":[{"href":"https:\/\/www.riber.com\/fr\/wp-json\/wp\/v2\/media?parent=2604"}],"curies":[{"name":"wp","href":"https:\/\/api.w.org\/{rel}","templated":true}]}}