{"id":395,"date":"2020-10-01T11:39:50","date_gmt":"2020-10-01T09:39:50","guid":{"rendered":"http:\/\/www.riber.com\/investisseurs\/"},"modified":"2025-04-10T15:32:46","modified_gmt":"2025-04-10T13:32:46","slug":"investisseurs","status":"publish","type":"page","link":"https:\/\/www.riber.com\/fr\/investisseurs\/","title":{"rendered":"Investisseurs"},"content":{"rendered":"<div class=\"colsthird\">\n<div class=\"twothird keyhome thirdleft\" style=\"background: url('\/wp-content\/uploads\/2020\/10\/key-figures-1.jpeg') no-repeat center center;background-size: cover\">\n<div class=\"figures\">\n<h2>Chiffres cl\u00e9s<\/h2>\n<h3>Chiffre d'affaire (million d'\u20ac)<\/h3>\n        <div class='chiffre'><span>41.2<\/span> en 2024<\/div>\n        <h3>B\u00e9n\u00e9fices (million d'\u20ac)<\/h3>\n        <div class='chiffre'><span>4.1<\/span> en 2024<\/div>\n<\/div>\n<\/div>\n<div class=\"onethird thirdright lastreport\">\n<h2>Derniers <strong>Rapports<\/strong><\/h2>\n<div class='report'><div><a target='_blank' href='https:\/\/www.riber.com\/wp-content\/findocs\/4007-Rapport financier 30062025 - vdef .pdf'><img src='https:\/\/www.riber.com\/wp-content\/themes\/riber\/images\/pdf.png' loading='lazy' width='101' height='124' alt='' \/><\/a><\/div><div><a target='_blank' href='https:\/\/www.riber.com\/wp-content\/findocs\/4007-Rapport financier 30062025 - vdef .pdf'><strong>Rapport financier semestriel au 30 juin 2025<\/strong><br \/>25 septembre 2025<\/a><\/div><\/div>\n    <div class='report'><div><a target='_blank' href='https:\/\/www.riber.com\/wp-content\/findocs\/3901-RIBER-RAPPORT ANNUEL 2024 vdef.pdf'><img src='https:\/\/www.riber.com\/wp-content\/themes\/riber\/images\/pdf.png' loading='lazy' width='101' height='124' alt='' \/><\/a><\/div><div><a target='_blank' href='https:\/\/www.riber.com\/wp-content\/findocs\/3901-RIBER-RAPPORT ANNUEL 2024 vdef.pdf'><strong>Rapport annuel 2024<\/strong><br \/>18 avril 2025<\/a><\/div><\/div>\n<\/div>\n<\/div>\n<div class=\"financialnews\">\n<h2>Communiqu\u00e9s <strong>de presse<\/strong><\/h2>\n<ul class='press'><li><a href='https:\/\/www.riber.com\/fr\/financial_documents\/riber-enregistre-une-solide-progression-de-ses-resultats-en-2025\/'><img decoding=\"async\" src=\"\/wp-content\/themes\/riber\/images\/press-release1.jpg\" loading=\"lazy\" width=\"640\" width=\"500\" alt=\"\" \/><h3>RIBER enregistre une solide progression de ses r\u00e9sultats en 2025<\/h3><\/a><div class='crop'>Chiffre d\u2019affaires : 40,3 M\u20ac (- 2 %) R\u00e9sultat op\u00e9rationnel courant : 5,1 M\u20ac, soit 13 % du chiffre d\u2019affaires R\u00e9sultat net : 5,2 M\u20ac (+ 27 [&hellip;]<\/div><\/li><li><a href='https:\/\/www.riber.com\/fr\/financial_documents\/activite-2025-portee-par-les-systemes-de-production-et-le-deploiement-de-rosie\/'><img decoding=\"async\" src=\"\/wp-content\/themes\/riber\/images\/press-release2.jpg\" loading=\"lazy\" width=\"640\" width=\"500\" alt=\"\" \/><h3>Activit\u00e9 2025 port\u00e9e par les syst\u00e8mes de production et le d\u00e9ploiement de ROSIE<\/h3><\/a><div class='crop'>Chiffre d\u2019affaires de 40,3 M\u20ac conforme \u00e0 l\u2019objectif Carnet de commandes au 31 d\u00e9cembre 2025 : 26,9 M\u20ac (+ 24 %) Bezons, le 2 f\u00e9vrier 2026 \u2013 [&hellip;]<\/div><\/li><li><a href='https:\/\/www.riber.com\/fr\/financial_documents\/riber-enregistre-au-japon-une-nouvelle-commande-pour-un-mbe-6000-destine-a-lindustrialisation-de-lasers-a-boites-quantiques-pour-les-applications-datacom\/'><img decoding=\"async\" src=\"\/wp-content\/themes\/riber\/images\/press-release5.jpg\" loading=\"lazy\" width=\"640\" width=\"500\" alt=\"\" \/><h3>RIBER enregistre au Japon une nouvelle commande pour un MBE 6000 destin\u00e9 \u00e0 l\u2019industrialisation de lasers \u00e0 bo\u00eetes quantiques pour les applications Datacom.<\/h3><\/a><div class='crop'>Bezons (France), le 19 janvier 2026 &#8211; 8h00 &#8211; RIBER, leader mondial des \u00e9quipements d\u2019\u00e9pitaxie par jets mol\u00e9culaires (MBE) pour l\u2019industrie des semi-conducteurs, annonce la commande d\u2019un [&hellip;]<\/div><\/li><\/ul><p style='text-align:center;'><a class='btn' href='\/fr\/investisseurs\/actualites\/communiques-de-presse\/'>Voir tous les communiqu\u00e9s de presse<\/a><\/p>\n<\/div>\n<div class=\"colsthird\">\n<div class=\"third thirdleft financialevents\">\n<h2>Prochain <strong>\u00e9v\u00e9nement<\/strong><\/h2>\n<div class=\"icongd\">\u00a0<i class=\"far fa-calendar-alt\">\u00a0<\/i><\/div>\n<div class='nexteventtype'>Communiqu\u00e9 de presse<\/div>\n            <div class='nexteventtitle'>Rapport financier annuel 2025 (mise \u00e0 disposition)<\/div>\n            <div class='nexteventdateheure'><div class='nexteventdate'>17\/04\/2026 <i class='fas fa-calendar-day'><\/i><\/div><div class='nexteventheure'><i class='fas fa-clock'><\/i> 18:00<\/div><\/div>\n<\/div>\n<div class=\"third bourse\" style=\"background: url('\/wp-content\/uploads\/2020\/10\/euronext.jpeg') no-repeat center center;background-size: cover\"><a href=\"\/fr\/investisseurs\/laction-riber\/\"><strong>L&rsquo;action Riber<\/strong><br \/>\nConsulter <i class=\"far fa-caret-square-right\"> <\/i><\/a><\/div>\n<div class=\"third thirdright financialcontact\">\n<h2>Contact <strong>financier<\/strong><\/h2>\n<div class=\"icongd\">\u00a0<i class=\"far fa-question-circle\">\u00a0<\/i><\/div>\n<p><strong>Vous avez besoin d&rsquo;informations ?<\/strong><br \/>\nContactez-nous<\/p>\n<p><a class=\"btn\" href=\"\/fr\/investisseurs\/contact-financier\/\">Cliquez-ici<\/a><\/p>\n<\/div>\n<\/div>\n","protected":false},"excerpt":{"rendered":"<p>Chiffres cl\u00e9s Derniers Rapports Communiqu\u00e9s de presse Prochain \u00e9v\u00e9nement \u00a0\u00a0 L&rsquo;action Riber Consulter Contact financier \u00a0\u00a0 Vous avez besoin d&rsquo;informations ? Contactez-nous Cliquez-ici<\/p>\n","protected":false},"author":2,"featured_media":126,"parent":0,"menu_order":0,"comment_status":"closed","ping_status":"closed","template":"","meta":{"footnotes":""},"class_list":["post-395","page","type-page","status-publish","has-post-thumbnail","hentry"],"yoast_head":"<!-- This site is optimized with the Yoast SEO plugin v27.2 - https:\/\/yoast.com\/product\/yoast-seo-wordpress\/ -->\n<title>Investisseurs - Riber, Molecular Beam Epitaxy products and services<\/title>\n<meta name=\"robots\" content=\"index, follow, max-snippet:-1, max-image-preview:large, max-video-preview:-1\" \/>\n<link rel=\"canonical\" href=\"https:\/\/www.riber.com\/fr\/investisseurs\/\" \/>\n<meta property=\"og:locale\" content=\"fr_FR\" \/>\n<meta property=\"og:type\" content=\"article\" \/>\n<meta property=\"og:title\" content=\"Investisseurs - Riber, Molecular Beam Epitaxy products and services\" \/>\n<meta property=\"og:description\" content=\"Chiffres cl\u00e9s Derniers Rapports Communiqu\u00e9s de presse Prochain \u00e9v\u00e9nement \u00a0\u00a0 L&rsquo;action Riber Consulter Contact financier \u00a0\u00a0 Vous avez besoin d&rsquo;informations ? Contactez-nous Cliquez-ici\" \/>\n<meta property=\"og:url\" content=\"https:\/\/www.riber.com\/fr\/investisseurs\/\" \/>\n<meta property=\"og:site_name\" content=\"Riber, Molecular Beam Epitaxy products and services\" \/>\n<meta property=\"article:modified_time\" content=\"2025-04-10T13:32:46+00:00\" \/>\n<meta property=\"og:image\" content=\"https:\/\/www.riber.com\/wp-content\/uploads\/2020\/10\/finance-scaled.jpeg\" \/>\n\t<meta property=\"og:image:width\" content=\"2560\" \/>\n\t<meta property=\"og:image:height\" content=\"1115\" \/>\n\t<meta property=\"og:image:type\" content=\"image\/jpeg\" \/>\n<meta name=\"twitter:card\" content=\"summary_large_image\" \/>\n<meta name=\"twitter:label1\" content=\"Dur\u00e9e de lecture estim\u00e9e\" \/>\n\t<meta name=\"twitter:data1\" content=\"1 minute\" \/>\n<script type=\"application\/ld+json\" class=\"yoast-schema-graph\">{\"@context\":\"https:\/\/schema.org\",\"@graph\":[{\"@type\":\"WebPage\",\"@id\":\"https:\/\/www.riber.com\/fr\/investisseurs\/\",\"url\":\"https:\/\/www.riber.com\/fr\/investisseurs\/\",\"name\":\"Investisseurs - Riber, Molecular Beam Epitaxy products and services\",\"isPartOf\":{\"@id\":\"https:\/\/www.riber.com\/fr\/#website\"},\"primaryImageOfPage\":{\"@id\":\"https:\/\/www.riber.com\/fr\/investisseurs\/#primaryimage\"},\"image\":{\"@id\":\"https:\/\/www.riber.com\/fr\/investisseurs\/#primaryimage\"},\"thumbnailUrl\":\"https:\/\/www.riber.com\/wp-content\/uploads\/2020\/10\/finance-scaled.jpeg\",\"datePublished\":\"2020-10-01T09:39:50+00:00\",\"dateModified\":\"2025-04-10T13:32:46+00:00\",\"breadcrumb\":{\"@id\":\"https:\/\/www.riber.com\/fr\/investisseurs\/#breadcrumb\"},\"inLanguage\":\"fr-FR\",\"potentialAction\":[{\"@type\":\"ReadAction\",\"target\":[\"https:\/\/www.riber.com\/fr\/investisseurs\/\"]}]},{\"@type\":\"ImageObject\",\"inLanguage\":\"fr-FR\",\"@id\":\"https:\/\/www.riber.com\/fr\/investisseurs\/#primaryimage\",\"url\":\"https:\/\/www.riber.com\/wp-content\/uploads\/2020\/10\/finance-scaled.jpeg\",\"contentUrl\":\"https:\/\/www.riber.com\/wp-content\/uploads\/2020\/10\/finance-scaled.jpeg\",\"width\":2560,\"height\":1115,\"caption\":\"Investisseurs\"},{\"@type\":\"BreadcrumbList\",\"@id\":\"https:\/\/www.riber.com\/fr\/investisseurs\/#breadcrumb\",\"itemListElement\":[{\"@type\":\"ListItem\",\"position\":1,\"name\":\"Accueil\",\"item\":\"https:\/\/www.riber.com\/fr\/\"},{\"@type\":\"ListItem\",\"position\":2,\"name\":\"Investisseurs\"}]},{\"@type\":\"WebSite\",\"@id\":\"https:\/\/www.riber.com\/fr\/#website\",\"url\":\"https:\/\/www.riber.com\/fr\/\",\"name\":\"Riber, Molecular Beam Epitaxy products and services\",\"description\":\"\",\"potentialAction\":[{\"@type\":\"SearchAction\",\"target\":{\"@type\":\"EntryPoint\",\"urlTemplate\":\"https:\/\/www.riber.com\/fr\/?s={search_term_string}\"},\"query-input\":{\"@type\":\"PropertyValueSpecification\",\"valueRequired\":true,\"valueName\":\"search_term_string\"}}],\"inLanguage\":\"fr-FR\"}]}<\/script>\n<!-- \/ Yoast SEO plugin. -->","yoast_head_json":{"title":"Investisseurs - Riber, Molecular Beam Epitaxy products and services","robots":{"index":"index","follow":"follow","max-snippet":"max-snippet:-1","max-image-preview":"max-image-preview:large","max-video-preview":"max-video-preview:-1"},"canonical":"https:\/\/www.riber.com\/fr\/investisseurs\/","og_locale":"fr_FR","og_type":"article","og_title":"Investisseurs - Riber, Molecular Beam Epitaxy products and services","og_description":"Chiffres cl\u00e9s Derniers Rapports Communiqu\u00e9s de presse Prochain \u00e9v\u00e9nement \u00a0\u00a0 L&rsquo;action Riber Consulter Contact financier \u00a0\u00a0 Vous avez besoin d&rsquo;informations ? Contactez-nous Cliquez-ici","og_url":"https:\/\/www.riber.com\/fr\/investisseurs\/","og_site_name":"Riber, Molecular Beam Epitaxy products and services","article_modified_time":"2025-04-10T13:32:46+00:00","og_image":[{"width":2560,"height":1115,"url":"https:\/\/www.riber.com\/wp-content\/uploads\/2020\/10\/finance-scaled.jpeg","type":"image\/jpeg"}],"twitter_card":"summary_large_image","twitter_misc":{"Dur\u00e9e de lecture estim\u00e9e":"1 minute"},"schema":{"@context":"https:\/\/schema.org","@graph":[{"@type":"WebPage","@id":"https:\/\/www.riber.com\/fr\/investisseurs\/","url":"https:\/\/www.riber.com\/fr\/investisseurs\/","name":"Investisseurs - Riber, Molecular Beam Epitaxy products and services","isPartOf":{"@id":"https:\/\/www.riber.com\/fr\/#website"},"primaryImageOfPage":{"@id":"https:\/\/www.riber.com\/fr\/investisseurs\/#primaryimage"},"image":{"@id":"https:\/\/www.riber.com\/fr\/investisseurs\/#primaryimage"},"thumbnailUrl":"https:\/\/www.riber.com\/wp-content\/uploads\/2020\/10\/finance-scaled.jpeg","datePublished":"2020-10-01T09:39:50+00:00","dateModified":"2025-04-10T13:32:46+00:00","breadcrumb":{"@id":"https:\/\/www.riber.com\/fr\/investisseurs\/#breadcrumb"},"inLanguage":"fr-FR","potentialAction":[{"@type":"ReadAction","target":["https:\/\/www.riber.com\/fr\/investisseurs\/"]}]},{"@type":"ImageObject","inLanguage":"fr-FR","@id":"https:\/\/www.riber.com\/fr\/investisseurs\/#primaryimage","url":"https:\/\/www.riber.com\/wp-content\/uploads\/2020\/10\/finance-scaled.jpeg","contentUrl":"https:\/\/www.riber.com\/wp-content\/uploads\/2020\/10\/finance-scaled.jpeg","width":2560,"height":1115,"caption":"Investisseurs"},{"@type":"BreadcrumbList","@id":"https:\/\/www.riber.com\/fr\/investisseurs\/#breadcrumb","itemListElement":[{"@type":"ListItem","position":1,"name":"Accueil","item":"https:\/\/www.riber.com\/fr\/"},{"@type":"ListItem","position":2,"name":"Investisseurs"}]},{"@type":"WebSite","@id":"https:\/\/www.riber.com\/fr\/#website","url":"https:\/\/www.riber.com\/fr\/","name":"Riber, Molecular Beam Epitaxy products and services","description":"","potentialAction":[{"@type":"SearchAction","target":{"@type":"EntryPoint","urlTemplate":"https:\/\/www.riber.com\/fr\/?s={search_term_string}"},"query-input":{"@type":"PropertyValueSpecification","valueRequired":true,"valueName":"search_term_string"}}],"inLanguage":"fr-FR"}]}},"_links":{"self":[{"href":"https:\/\/www.riber.com\/fr\/wp-json\/wp\/v2\/pages\/395","targetHints":{"allow":["GET"]}}],"collection":[{"href":"https:\/\/www.riber.com\/fr\/wp-json\/wp\/v2\/pages"}],"about":[{"href":"https:\/\/www.riber.com\/fr\/wp-json\/wp\/v2\/types\/page"}],"author":[{"embeddable":true,"href":"https:\/\/www.riber.com\/fr\/wp-json\/wp\/v2\/users\/2"}],"replies":[{"embeddable":true,"href":"https:\/\/www.riber.com\/fr\/wp-json\/wp\/v2\/comments?post=395"}],"version-history":[{"count":10,"href":"https:\/\/www.riber.com\/fr\/wp-json\/wp\/v2\/pages\/395\/revisions"}],"predecessor-version":[{"id":3588,"href":"https:\/\/www.riber.com\/fr\/wp-json\/wp\/v2\/pages\/395\/revisions\/3588"}],"wp:featuredmedia":[{"embeddable":true,"href":"https:\/\/www.riber.com\/fr\/wp-json\/wp\/v2\/media\/126"}],"wp:attachment":[{"href":"https:\/\/www.riber.com\/fr\/wp-json\/wp\/v2\/media?parent=395"}],"curies":[{"name":"wp","href":"https:\/\/api.w.org\/{rel}","templated":true}]}}