{"id":396,"date":"2020-10-01T11:41:13","date_gmt":"2020-10-01T09:41:13","guid":{"rendered":"http:\/\/www.riber.com\/investisseurs\/profil\/"},"modified":"2021-01-28T21:11:57","modified_gmt":"2021-01-28T20:11:57","slug":"profil","status":"publish","type":"page","link":"https:\/\/www.riber.com\/fr\/investisseurs\/profil\/","title":{"rendered":"Profil"},"content":{"rendered":"<div class=\"cols\">\n<div class=\"col colnobox texte paddingR\">\n<p><img decoding=\"async\" class=\"img1400 alignnone wp-image-1719 size-full\" src=\"https:\/\/www.riber.com\/wp-content\/uploads\/2021\/01\/riber-profil.jpg\" alt=\"\" width=\"100%\" srcset=\"https:\/\/www.riber.com\/wp-content\/uploads\/2021\/01\/riber-profil.jpg 1250w, https:\/\/www.riber.com\/wp-content\/uploads\/2021\/01\/riber-profil-800x280.jpg 800w, https:\/\/www.riber.com\/wp-content\/uploads\/2021\/01\/riber-profil-640x224.jpg 640w, https:\/\/www.riber.com\/wp-content\/uploads\/2021\/01\/riber-profil-900x315.jpg 900w, https:\/\/www.riber.com\/wp-content\/uploads\/2021\/01\/riber-profil-768x269.jpg 768w, https:\/\/www.riber.com\/wp-content\/uploads\/2021\/01\/riber-profil-799x280.jpg 799w\" sizes=\"(max-width: 1250px) 100vw, 1250px\" \/><\/p>\n<p>RIBER est le leader mondial d\u2019\u00e9quipement MBE (\u00e9pitaxie par jets mol\u00e9culaires). L\u2019entreprise con\u00e7oit et fabrique des syst\u00e8mes MBE ainsi que des \u00e9vaporateurs destin\u00e9s \u00e0 l\u2019industrie des semi-conducteurs. Elle offre \u00e9galement \u00e0 ses clients un support technique et scientifique en assurant la maintenance de ses \u00e9quipements, l\u2019optimisation de leurs performances et de leurs rendements. A travers ses \u00e9quipements de haute technologie, RIBER joue un r\u00f4le essentiel dans le d\u00e9veloppement de dispositifs semi-conducteurs avanc\u00e9s qui sont utilis\u00e9s dans de nombreuses applications grand public, notamment dans les technologies de l\u2019information, les r\u00e9seaux de t\u00e9l\u00e9communications 5G, les \u00e9crans OLED ou les nouvelles g\u00e9n\u00e9rations de cellules solaires.<\/p>\n<p>RIBER capitalise sur plus de 40 ans d\u2019exp\u00e9rience pour fournir une technologie haut de gamme \u00e0 forte valeur ajout\u00e9e. Avec le plus grand parc de syst\u00e8mes MBE en op\u00e9ration dans le monde, sa force repose sur sa ma\u00eetrise compl\u00e8te de la cha\u00eene de valeur, garante de stabilit\u00e9 dans le d\u00e9veloppement. RIBER appuie son organisation sur la performance de son site industriel et l\u2019\u00e9tendue de son r\u00e9seau de distribution (filiales de commercialisation et services, agents\u2026) pour servir des march\u00e9s innovants, hautement comp\u00e9titifs et exigeants.<\/p>\n<p>Pr\u00e9sente dans 38 pays, RIBER touche une client\u00e8le internationale de premier plan compos\u00e9e des plus grands laboratoires universitaires et centres de recherche ainsi que les principaux acteurs de l\u2019industrie de l\u2019\u00e9lectronique, des \u00e9nergies nouvelles et de l\u2019\u00e9clairage. Plus de 90% de son chiffre d\u2019affaires est r\u00e9alis\u00e9 \u00e0 l\u2019export.<\/p>\n<p>RIBER est labellis\u00e9e Entreprise innovante par BPI France et est cot\u00e9e sur le march\u00e9 Euronext Growth Paris (ISIN : FR0000075954).<\/p>\n\n\t\t<style type=\"text\/css\">\n\t\t\t#gallery-1 {\n\t\t\t\tmargin: auto;\n\t\t\t}\n\t\t\t#gallery-1 .gallery-item {\n\t\t\t\tfloat: left;\n\t\t\t\tmargin-top: 10px;\n\t\t\t\ttext-align: center;\n\t\t\t\twidth: 33%;\n\t\t\t}\n\t\t\t#gallery-1 img {\n\t\t\t\tborder: 2px solid #cfcfcf;\n\t\t\t}\n\t\t\t#gallery-1 .gallery-caption {\n\t\t\t\tmargin-left: 0;\n\t\t\t}\n\t\t\t\/* see gallery_shortcode() in wp-includes\/media.php *\/\n\t\t<\/style>\n\t\t<div id='gallery-1' class='gallery galleryid-396 gallery-columns-3 gallery-size-thumbnail'><dl class='gallery-item'>\n\t\t\t<dt class='gallery-icon landscape'>\n\t\t\t\t<img loading=\"lazy\" decoding=\"async\" width=\"250\" height=\"250\" src=\"https:\/\/www.riber.com\/wp-content\/uploads\/2021\/01\/bpi-fr.jpg\" class=\"attachment-thumbnail size-thumbnail\" alt=\"\" aria-describedby=\"gallery-1-1659\" srcset=\"https:\/\/www.riber.com\/wp-content\/uploads\/2021\/01\/bpi-fr.jpg 250w, https:\/\/www.riber.com\/wp-content\/uploads\/2021\/01\/bpi-fr-100x100.jpg 100w\" sizes=\"auto, (max-width: 250px) 100vw, 250px\" \/>\n\t\t\t<\/dt>\n\t\t\t\t<dd class='wp-caption-text gallery-caption' id='gallery-1-1659'>\n\t\t\t\tBPI France\n\t\t\t\t<\/dd><\/dl><dl class='gallery-item'>\n\t\t\t<dt class='gallery-icon landscape'>\n\t\t\t\t<img loading=\"lazy\" decoding=\"async\" width=\"250\" height=\"250\" src=\"https:\/\/www.riber.com\/wp-content\/uploads\/2021\/01\/alrib-euronext-growth.jpg\" class=\"attachment-thumbnail size-thumbnail\" alt=\"\" aria-describedby=\"gallery-1-1657\" srcset=\"https:\/\/www.riber.com\/wp-content\/uploads\/2021\/01\/alrib-euronext-growth.jpg 250w, https:\/\/www.riber.com\/wp-content\/uploads\/2021\/01\/alrib-euronext-growth-100x100.jpg 100w\" sizes=\"auto, (max-width: 250px) 100vw, 250px\" \/>\n\t\t\t<\/dt>\n\t\t\t\t<dd class='wp-caption-text gallery-caption' id='gallery-1-1657'>\n\t\t\t\tALRIB Euronext Growth\n\t\t\t\t<\/dd><\/dl><dl class='gallery-item'>\n\t\t\t<dt class='gallery-icon landscape'>\n\t\t\t\t<img loading=\"lazy\" decoding=\"async\" width=\"250\" height=\"250\" src=\"https:\/\/www.riber.com\/wp-content\/uploads\/2021\/01\/pea-pme.jpg\" class=\"attachment-thumbnail size-thumbnail\" alt=\"\" aria-describedby=\"gallery-1-1655\" srcset=\"https:\/\/www.riber.com\/wp-content\/uploads\/2021\/01\/pea-pme.jpg 250w, https:\/\/www.riber.com\/wp-content\/uploads\/2021\/01\/pea-pme-100x100.jpg 100w\" sizes=\"auto, (max-width: 250px) 100vw, 250px\" \/>\n\t\t\t<\/dt>\n\t\t\t\t<dd class='wp-caption-text gallery-caption' id='gallery-1-1655'>\n\t\t\t\tPEA PME\n\t\t\t\t<\/dd><\/dl><br style=\"clear: both\" \/>\n\t\t<\/div>\n\n<\/div>\n<div class=\"col colbox\"> <div class=\"sidebar-content\"> <div class=\"financewidget\" id=\"text-5\">\t\t\t<div class=\"textwidget\"><h2>Prochain <strong>\u00e9v\u00e9nement<\/strong><\/h2><div class='nexteventtype'>Communiqu\u00e9 de presse<\/div>\n            <div class='nexteventtitle'>Rapport financier annuel 2025 (mise \u00e0 disposition)<\/div>\n            <div class='nexteventdateheure'><div class='nexteventdate'>17\/04\/2026 <i class='fas fa-calendar-day'><\/i><\/div><div class='nexteventheure'><i class='fas fa-clock'><\/i> 18:00<\/div><\/div>\r\n<h2>Communiqu\u00e9s de <strong>presse<\/strong><\/h2><ul class='press'><li><a href='https:\/\/www.riber.com\/fr\/financial_documents\/riber-enregistre-une-solide-progression-de-ses-resultats-en-2025\/'><img decoding=\"async\" src=\"\/wp-content\/themes\/riber\/images\/press-release5.jpg\" loading=\"lazy\" width=\"640\" width=\"500\" alt=\"\" \/><h3>RIBER enregistre une solide progression de ses r\u00e9sultats en 2025<\/h3><\/a><\/li><li><a href='https:\/\/www.riber.com\/fr\/financial_documents\/activite-2025-portee-par-les-systemes-de-production-et-le-deploiement-de-rosie\/'><img decoding=\"async\" src=\"\/wp-content\/themes\/riber\/images\/press-release2.jpg\" loading=\"lazy\" width=\"640\" width=\"500\" alt=\"\" \/><h3>Activit\u00e9 2025 port\u00e9e par les syst\u00e8mes de production et le d\u00e9ploiement de ROSIE<\/h3><\/a><\/li><li><a href='https:\/\/www.riber.com\/fr\/financial_documents\/riber-enregistre-au-japon-une-nouvelle-commande-pour-un-mbe-6000-destine-a-lindustrialisation-de-lasers-a-boites-quantiques-pour-les-applications-datacom\/'><img decoding=\"async\" src=\"\/wp-content\/themes\/riber\/images\/press-release1.jpg\" loading=\"lazy\" width=\"640\" width=\"500\" alt=\"\" \/><h3>RIBER enregistre au Japon une nouvelle commande pour un MBE 6000 destin\u00e9 \u00e0 l\u2019industrialisation de lasers \u00e0 bo\u00eetes quantiques pour les applications Datacom.<\/h3><\/a><\/li><\/ul><p style='text-align:center;'><a class='btn' href='\/fr\/investisseurs\/actualites\/communiques-de-presse\/'>Voir tous les communiqu\u00e9s de presse<\/a><\/p><\/div>\n\t\t<\/div> <\/div> <\/div>\n<\/div>\n","protected":false},"excerpt":{"rendered":"<p>RIBER est le leader mondial d\u2019\u00e9quipement MBE (\u00e9pitaxie par jets mol\u00e9culaires). L\u2019entreprise con\u00e7oit et fabrique des syst\u00e8mes MBE ainsi que des \u00e9vaporateurs destin\u00e9s \u00e0 l\u2019industrie des semi-conducteurs. [&hellip;]<\/p>\n","protected":false},"author":2,"featured_media":0,"parent":395,"menu_order":0,"comment_status":"closed","ping_status":"closed","template":"","meta":{"footnotes":""},"class_list":["post-396","page","type-page","status-publish","hentry"],"yoast_head":"<!-- This site is optimized with the Yoast SEO plugin v27.2 - https:\/\/yoast.com\/product\/yoast-seo-wordpress\/ -->\n<title>Profil - Riber, Molecular Beam Epitaxy products and services<\/title>\n<meta name=\"robots\" content=\"index, follow, max-snippet:-1, max-image-preview:large, max-video-preview:-1\" \/>\n<link rel=\"canonical\" href=\"https:\/\/www.riber.com\/fr\/investisseurs\/profil\/\" \/>\n<meta property=\"og:locale\" content=\"fr_FR\" \/>\n<meta property=\"og:type\" content=\"article\" \/>\n<meta property=\"og:title\" content=\"Profil - Riber, Molecular Beam Epitaxy products and services\" \/>\n<meta property=\"og:description\" content=\"RIBER est le leader mondial d\u2019\u00e9quipement MBE (\u00e9pitaxie par jets mol\u00e9culaires). L\u2019entreprise con\u00e7oit et fabrique des syst\u00e8mes MBE ainsi que des \u00e9vaporateurs destin\u00e9s \u00e0 l\u2019industrie des semi-conducteurs. [&hellip;]\" \/>\n<meta property=\"og:url\" content=\"https:\/\/www.riber.com\/fr\/investisseurs\/profil\/\" \/>\n<meta property=\"og:site_name\" content=\"Riber, Molecular Beam Epitaxy products and services\" \/>\n<meta property=\"article:modified_time\" content=\"2021-01-28T20:11:57+00:00\" \/>\n<meta property=\"og:image\" content=\"https:\/\/www.riber.com\/wp-content\/uploads\/2021\/01\/bpi-fr.jpg\" \/>\n<meta name=\"twitter:card\" content=\"summary_large_image\" \/>\n<meta name=\"twitter:label1\" content=\"Dur\u00e9e de lecture estim\u00e9e\" \/>\n\t<meta name=\"twitter:data1\" content=\"2 minutes\" \/>\n<script type=\"application\/ld+json\" class=\"yoast-schema-graph\">{\"@context\":\"https:\/\/schema.org\",\"@graph\":[{\"@type\":\"WebPage\",\"@id\":\"https:\/\/www.riber.com\/fr\/investisseurs\/profil\/\",\"url\":\"https:\/\/www.riber.com\/fr\/investisseurs\/profil\/\",\"name\":\"Profil - Riber, Molecular Beam Epitaxy products and services\",\"isPartOf\":{\"@id\":\"https:\/\/www.riber.com\/fr\/#website\"},\"primaryImageOfPage\":{\"@id\":\"https:\/\/www.riber.com\/fr\/investisseurs\/profil\/#primaryimage\"},\"image\":{\"@id\":\"https:\/\/www.riber.com\/fr\/investisseurs\/profil\/#primaryimage\"},\"thumbnailUrl\":\"http:\/\/www.riber.com\/wp-content\/uploads\/2021\/01\/riber-profil.jpg\",\"datePublished\":\"2020-10-01T09:41:13+00:00\",\"dateModified\":\"2021-01-28T20:11:57+00:00\",\"breadcrumb\":{\"@id\":\"https:\/\/www.riber.com\/fr\/investisseurs\/profil\/#breadcrumb\"},\"inLanguage\":\"fr-FR\",\"potentialAction\":[{\"@type\":\"ReadAction\",\"target\":[\"https:\/\/www.riber.com\/fr\/investisseurs\/profil\/\"]}]},{\"@type\":\"ImageObject\",\"inLanguage\":\"fr-FR\",\"@id\":\"https:\/\/www.riber.com\/fr\/investisseurs\/profil\/#primaryimage\",\"url\":\"http:\/\/www.riber.com\/wp-content\/uploads\/2021\/01\/riber-profil.jpg\",\"contentUrl\":\"http:\/\/www.riber.com\/wp-content\/uploads\/2021\/01\/riber-profil.jpg\"},{\"@type\":\"BreadcrumbList\",\"@id\":\"https:\/\/www.riber.com\/fr\/investisseurs\/profil\/#breadcrumb\",\"itemListElement\":[{\"@type\":\"ListItem\",\"position\":1,\"name\":\"Accueil\",\"item\":\"https:\/\/www.riber.com\/fr\/\"},{\"@type\":\"ListItem\",\"position\":2,\"name\":\"Investisseurs\",\"item\":\"https:\/\/www.riber.com\/fr\/investisseurs\/\"},{\"@type\":\"ListItem\",\"position\":3,\"name\":\"Profil\"}]},{\"@type\":\"WebSite\",\"@id\":\"https:\/\/www.riber.com\/fr\/#website\",\"url\":\"https:\/\/www.riber.com\/fr\/\",\"name\":\"Riber, Molecular Beam Epitaxy products and services\",\"description\":\"\",\"potentialAction\":[{\"@type\":\"SearchAction\",\"target\":{\"@type\":\"EntryPoint\",\"urlTemplate\":\"https:\/\/www.riber.com\/fr\/?s={search_term_string}\"},\"query-input\":{\"@type\":\"PropertyValueSpecification\",\"valueRequired\":true,\"valueName\":\"search_term_string\"}}],\"inLanguage\":\"fr-FR\"}]}<\/script>\n<!-- \/ Yoast SEO plugin. -->","yoast_head_json":{"title":"Profil - Riber, Molecular Beam Epitaxy products and services","robots":{"index":"index","follow":"follow","max-snippet":"max-snippet:-1","max-image-preview":"max-image-preview:large","max-video-preview":"max-video-preview:-1"},"canonical":"https:\/\/www.riber.com\/fr\/investisseurs\/profil\/","og_locale":"fr_FR","og_type":"article","og_title":"Profil - Riber, Molecular Beam Epitaxy products and services","og_description":"RIBER est le leader mondial d\u2019\u00e9quipement MBE (\u00e9pitaxie par jets mol\u00e9culaires). L\u2019entreprise con\u00e7oit et fabrique des syst\u00e8mes MBE ainsi que des \u00e9vaporateurs destin\u00e9s \u00e0 l\u2019industrie des semi-conducteurs. [&hellip;]","og_url":"https:\/\/www.riber.com\/fr\/investisseurs\/profil\/","og_site_name":"Riber, Molecular Beam Epitaxy products and services","article_modified_time":"2021-01-28T20:11:57+00:00","og_image":[{"url":"https:\/\/www.riber.com\/wp-content\/uploads\/2021\/01\/bpi-fr.jpg","type":"","width":"","height":""}],"twitter_card":"summary_large_image","twitter_misc":{"Dur\u00e9e de lecture estim\u00e9e":"2 minutes"},"schema":{"@context":"https:\/\/schema.org","@graph":[{"@type":"WebPage","@id":"https:\/\/www.riber.com\/fr\/investisseurs\/profil\/","url":"https:\/\/www.riber.com\/fr\/investisseurs\/profil\/","name":"Profil - Riber, Molecular Beam Epitaxy products and services","isPartOf":{"@id":"https:\/\/www.riber.com\/fr\/#website"},"primaryImageOfPage":{"@id":"https:\/\/www.riber.com\/fr\/investisseurs\/profil\/#primaryimage"},"image":{"@id":"https:\/\/www.riber.com\/fr\/investisseurs\/profil\/#primaryimage"},"thumbnailUrl":"http:\/\/www.riber.com\/wp-content\/uploads\/2021\/01\/riber-profil.jpg","datePublished":"2020-10-01T09:41:13+00:00","dateModified":"2021-01-28T20:11:57+00:00","breadcrumb":{"@id":"https:\/\/www.riber.com\/fr\/investisseurs\/profil\/#breadcrumb"},"inLanguage":"fr-FR","potentialAction":[{"@type":"ReadAction","target":["https:\/\/www.riber.com\/fr\/investisseurs\/profil\/"]}]},{"@type":"ImageObject","inLanguage":"fr-FR","@id":"https:\/\/www.riber.com\/fr\/investisseurs\/profil\/#primaryimage","url":"http:\/\/www.riber.com\/wp-content\/uploads\/2021\/01\/riber-profil.jpg","contentUrl":"http:\/\/www.riber.com\/wp-content\/uploads\/2021\/01\/riber-profil.jpg"},{"@type":"BreadcrumbList","@id":"https:\/\/www.riber.com\/fr\/investisseurs\/profil\/#breadcrumb","itemListElement":[{"@type":"ListItem","position":1,"name":"Accueil","item":"https:\/\/www.riber.com\/fr\/"},{"@type":"ListItem","position":2,"name":"Investisseurs","item":"https:\/\/www.riber.com\/fr\/investisseurs\/"},{"@type":"ListItem","position":3,"name":"Profil"}]},{"@type":"WebSite","@id":"https:\/\/www.riber.com\/fr\/#website","url":"https:\/\/www.riber.com\/fr\/","name":"Riber, Molecular Beam Epitaxy products and services","description":"","potentialAction":[{"@type":"SearchAction","target":{"@type":"EntryPoint","urlTemplate":"https:\/\/www.riber.com\/fr\/?s={search_term_string}"},"query-input":{"@type":"PropertyValueSpecification","valueRequired":true,"valueName":"search_term_string"}}],"inLanguage":"fr-FR"}]}},"_links":{"self":[{"href":"https:\/\/www.riber.com\/fr\/wp-json\/wp\/v2\/pages\/396","targetHints":{"allow":["GET"]}}],"collection":[{"href":"https:\/\/www.riber.com\/fr\/wp-json\/wp\/v2\/pages"}],"about":[{"href":"https:\/\/www.riber.com\/fr\/wp-json\/wp\/v2\/types\/page"}],"author":[{"embeddable":true,"href":"https:\/\/www.riber.com\/fr\/wp-json\/wp\/v2\/users\/2"}],"replies":[{"embeddable":true,"href":"https:\/\/www.riber.com\/fr\/wp-json\/wp\/v2\/comments?post=396"}],"version-history":[{"count":10,"href":"https:\/\/www.riber.com\/fr\/wp-json\/wp\/v2\/pages\/396\/revisions"}],"predecessor-version":[{"id":1640,"href":"https:\/\/www.riber.com\/fr\/wp-json\/wp\/v2\/pages\/396\/revisions\/1640"}],"up":[{"embeddable":true,"href":"https:\/\/www.riber.com\/fr\/wp-json\/wp\/v2\/pages\/395"}],"wp:attachment":[{"href":"https:\/\/www.riber.com\/fr\/wp-json\/wp\/v2\/media?parent=396"}],"curies":[{"name":"wp","href":"https:\/\/api.w.org\/{rel}","templated":true}]}}