{"id":397,"date":"2020-10-01T11:41:59","date_gmt":"2020-10-01T09:41:59","guid":{"rendered":"http:\/\/www.riber.com\/investisseurs\/chiffres-cles\/"},"modified":"2026-04-17T18:24:40","modified_gmt":"2026-04-17T16:24:40","slug":"chiffres-cles","status":"publish","type":"page","link":"https:\/\/www.riber.com\/fr\/investisseurs\/chiffres-cles\/","title":{"rendered":"Chiffres cl\u00e9s"},"content":{"rendered":"<div class=\"cols\">\n<div class=\"col colnobox texte paddingR key fintxt\">\n<p><img loading=\"lazy\" decoding=\"async\" class=\"alignnone wp-image-4161 size-medium\" src=\"https:\/\/www.riber.com\/wp-content\/uploads\/2026\/04\/CA-2025-640x414.png\" alt=\"\" width=\"640\" height=\"414\" srcset=\"https:\/\/www.riber.com\/wp-content\/uploads\/2026\/04\/CA-2025-640x414.png 640w, https:\/\/www.riber.com\/wp-content\/uploads\/2026\/04\/CA-2025.png 664w\" sizes=\"auto, (max-width: 640px) 100vw, 640px\" \/><\/p>\n<p>&nbsp;<\/p>\n<p><img loading=\"lazy\" decoding=\"async\" class=\"alignnone wp-image-4165 size-medium\" src=\"https:\/\/www.riber.com\/wp-content\/uploads\/2026\/04\/Resultat-2025-640x408.png\" alt=\"\" width=\"640\" height=\"408\" srcset=\"https:\/\/www.riber.com\/wp-content\/uploads\/2026\/04\/Resultat-2025-640x408.png 640w, https:\/\/www.riber.com\/wp-content\/uploads\/2026\/04\/Resultat-2025.png 662w\" sizes=\"auto, (max-width: 640px) 100vw, 640px\" \/><\/p>\n<p>&nbsp;<\/p>\n<p><img loading=\"lazy\" decoding=\"async\" class=\"alignnone wp-image-4167 size-medium\" src=\"https:\/\/www.riber.com\/wp-content\/uploads\/2026\/04\/Structure-fi-2025-640x406.png\" alt=\"\" width=\"640\" height=\"406\" srcset=\"https:\/\/www.riber.com\/wp-content\/uploads\/2026\/04\/Structure-fi-2025-640x406.png 640w, https:\/\/www.riber.com\/wp-content\/uploads\/2026\/04\/Structure-fi-2025.png 668w\" sizes=\"auto, (max-width: 640px) 100vw, 640px\" \/><\/p>\n<p>&nbsp;<\/p>\n<p><img loading=\"lazy\" decoding=\"async\" class=\"alignnone wp-image-4163 size-full\" src=\"https:\/\/www.riber.com\/wp-content\/uploads\/2026\/04\/Bilan-2025.png\" alt=\"\" width=\"614\" height=\"597\" srcset=\"https:\/\/www.riber.com\/wp-content\/uploads\/2026\/04\/Bilan-2025.png 614w, https:\/\/www.riber.com\/wp-content\/uploads\/2026\/04\/Bilan-2025-494x480.png 494w\" sizes=\"auto, (max-width: 614px) 100vw, 614px\" \/><\/p>\n<\/div>\n<div class=\"col colbox finside\"> <div class=\"sidebar-content\"> <div class=\"financewidget\" id=\"text-5\">\t\t\t<div class=\"textwidget\"><h2>Prochain <strong>\u00e9v\u00e9nement<\/strong><\/h2><div class='nexteventtype'>Communiqu\u00e9 de presse<\/div>\n            <div class='nexteventtitle'>Assembl\u00e9e G\u00e9n\u00e9rale<\/div>\n            <div class='nexteventdateheure'><div class='nexteventdate'>17\/06\/2026 <i class='fas fa-calendar-day'><\/i><\/div><div class='nexteventheure'><i class='fas fa-clock'><\/i> 10:00<\/div><\/div>\r\n<h2>Communiqu\u00e9s de <strong>presse<\/strong><\/h2><ul class='press'><li><a href='https:\/\/www.riber.com\/fr\/financial_documents\/mise-a-disposition-du-rapport-financier-annuel-2025\/'><img decoding=\"async\" src=\"\/wp-content\/themes\/riber\/images\/press-release2.jpg\" loading=\"lazy\" width=\"640\" width=\"500\" alt=\"\" \/><h3>Mise \u00e0 disposition du rapport financier annuel 2025<\/h3><\/a><\/li><li><a href='https:\/\/www.riber.com\/fr\/financial_documents\/riber-enregistre-une-solide-progression-de-ses-resultats-en-2025\/'><img decoding=\"async\" src=\"\/wp-content\/themes\/riber\/images\/press-release4.jpg\" loading=\"lazy\" width=\"640\" width=\"500\" alt=\"\" \/><h3>RIBER enregistre une solide progression de ses r\u00e9sultats en 2025<\/h3><\/a><\/li><li><a href='https:\/\/www.riber.com\/fr\/financial_documents\/activite-2025-portee-par-les-systemes-de-production-et-le-deploiement-de-rosie\/'><img decoding=\"async\" src=\"\/wp-content\/themes\/riber\/images\/press-release3.jpg\" loading=\"lazy\" width=\"640\" width=\"500\" alt=\"\" \/><h3>Activit\u00e9 2025 port\u00e9e par les syst\u00e8mes de production et le d\u00e9ploiement de ROSIE<\/h3><\/a><\/li><\/ul><p style='text-align:center;'><a class='btn' href='\/fr\/investisseurs\/actualites\/communiques-de-presse\/'>Voir tous les communiqu\u00e9s de presse<\/a><\/p><\/div>\n\t\t<\/div> <\/div> <\/div>\n<\/div>\n","protected":false},"excerpt":{"rendered":"<p>&nbsp; &nbsp; &nbsp;<\/p>\n","protected":false},"author":2,"featured_media":0,"parent":395,"menu_order":0,"comment_status":"closed","ping_status":"closed","template":"","meta":{"footnotes":""},"class_list":["post-397","page","type-page","status-publish","hentry"],"yoast_head":"<!-- This site is optimized with the Yoast SEO plugin v27.4 - https:\/\/yoast.com\/product\/yoast-seo-wordpress\/ -->\n<title>Chiffres cl\u00e9s - Riber, Molecular Beam Epitaxy products and services<\/title>\n<meta name=\"robots\" content=\"index, follow, max-snippet:-1, max-image-preview:large, max-video-preview:-1\" \/>\n<link rel=\"canonical\" href=\"https:\/\/www.riber.com\/fr\/investisseurs\/chiffres-cles\/\" \/>\n<meta property=\"og:locale\" content=\"fr_FR\" \/>\n<meta property=\"og:type\" content=\"article\" \/>\n<meta property=\"og:title\" content=\"Chiffres cl\u00e9s - Riber, Molecular Beam Epitaxy products and services\" \/>\n<meta property=\"og:description\" content=\"&nbsp; &nbsp; &nbsp;\" \/>\n<meta property=\"og:url\" content=\"https:\/\/www.riber.com\/fr\/investisseurs\/chiffres-cles\/\" \/>\n<meta property=\"og:site_name\" content=\"Riber, Molecular Beam Epitaxy products and services\" \/>\n<meta property=\"article:modified_time\" content=\"2026-04-17T16:24:40+00:00\" \/>\n<meta property=\"og:image\" content=\"https:\/\/www.riber.com\/wp-content\/uploads\/2026\/04\/CA-2025-640x414.png\" \/>\n<meta name=\"twitter:card\" content=\"summary_large_image\" \/>\n<meta name=\"twitter:label1\" content=\"Dur\u00e9e de lecture estim\u00e9e\" \/>\n\t<meta name=\"twitter:data1\" content=\"1 minute\" \/>\n<script type=\"application\/ld+json\" class=\"yoast-schema-graph\">{\"@context\":\"https:\\\/\\\/schema.org\",\"@graph\":[{\"@type\":\"WebPage\",\"@id\":\"https:\\\/\\\/www.riber.com\\\/fr\\\/investisseurs\\\/chiffres-cles\\\/\",\"url\":\"https:\\\/\\\/www.riber.com\\\/fr\\\/investisseurs\\\/chiffres-cles\\\/\",\"name\":\"Chiffres cl\u00e9s - Riber, Molecular Beam Epitaxy products and services\",\"isPartOf\":{\"@id\":\"https:\\\/\\\/www.riber.com\\\/fr\\\/#website\"},\"primaryImageOfPage\":{\"@id\":\"https:\\\/\\\/www.riber.com\\\/fr\\\/investisseurs\\\/chiffres-cles\\\/#primaryimage\"},\"image\":{\"@id\":\"https:\\\/\\\/www.riber.com\\\/fr\\\/investisseurs\\\/chiffres-cles\\\/#primaryimage\"},\"thumbnailUrl\":\"https:\\\/\\\/www.riber.com\\\/wp-content\\\/uploads\\\/2026\\\/04\\\/CA-2025-640x414.png\",\"datePublished\":\"2020-10-01T09:41:59+00:00\",\"dateModified\":\"2026-04-17T16:24:40+00:00\",\"breadcrumb\":{\"@id\":\"https:\\\/\\\/www.riber.com\\\/fr\\\/investisseurs\\\/chiffres-cles\\\/#breadcrumb\"},\"inLanguage\":\"fr-FR\",\"potentialAction\":[{\"@type\":\"ReadAction\",\"target\":[\"https:\\\/\\\/www.riber.com\\\/fr\\\/investisseurs\\\/chiffres-cles\\\/\"]}]},{\"@type\":\"ImageObject\",\"inLanguage\":\"fr-FR\",\"@id\":\"https:\\\/\\\/www.riber.com\\\/fr\\\/investisseurs\\\/chiffres-cles\\\/#primaryimage\",\"url\":\"https:\\\/\\\/www.riber.com\\\/wp-content\\\/uploads\\\/2026\\\/04\\\/CA-2025-640x414.png\",\"contentUrl\":\"https:\\\/\\\/www.riber.com\\\/wp-content\\\/uploads\\\/2026\\\/04\\\/CA-2025-640x414.png\"},{\"@type\":\"BreadcrumbList\",\"@id\":\"https:\\\/\\\/www.riber.com\\\/fr\\\/investisseurs\\\/chiffres-cles\\\/#breadcrumb\",\"itemListElement\":[{\"@type\":\"ListItem\",\"position\":1,\"name\":\"Accueil\",\"item\":\"https:\\\/\\\/www.riber.com\\\/fr\\\/\"},{\"@type\":\"ListItem\",\"position\":2,\"name\":\"Investisseurs\",\"item\":\"https:\\\/\\\/www.riber.com\\\/fr\\\/investisseurs\\\/\"},{\"@type\":\"ListItem\",\"position\":3,\"name\":\"Chiffres cl\u00e9s\"}]},{\"@type\":\"WebSite\",\"@id\":\"https:\\\/\\\/www.riber.com\\\/fr\\\/#website\",\"url\":\"https:\\\/\\\/www.riber.com\\\/fr\\\/\",\"name\":\"Riber, Molecular Beam Epitaxy products and services\",\"description\":\"\",\"potentialAction\":[{\"@type\":\"SearchAction\",\"target\":{\"@type\":\"EntryPoint\",\"urlTemplate\":\"https:\\\/\\\/www.riber.com\\\/fr\\\/?s={search_term_string}\"},\"query-input\":{\"@type\":\"PropertyValueSpecification\",\"valueRequired\":true,\"valueName\":\"search_term_string\"}}],\"inLanguage\":\"fr-FR\"}]}<\/script>\n<!-- \/ Yoast SEO plugin. -->","yoast_head_json":{"title":"Chiffres cl\u00e9s - Riber, Molecular Beam Epitaxy products and services","robots":{"index":"index","follow":"follow","max-snippet":"max-snippet:-1","max-image-preview":"max-image-preview:large","max-video-preview":"max-video-preview:-1"},"canonical":"https:\/\/www.riber.com\/fr\/investisseurs\/chiffres-cles\/","og_locale":"fr_FR","og_type":"article","og_title":"Chiffres cl\u00e9s - Riber, Molecular Beam Epitaxy products and services","og_description":"&nbsp; &nbsp; &nbsp;","og_url":"https:\/\/www.riber.com\/fr\/investisseurs\/chiffres-cles\/","og_site_name":"Riber, Molecular Beam Epitaxy products and services","article_modified_time":"2026-04-17T16:24:40+00:00","og_image":[{"url":"https:\/\/www.riber.com\/wp-content\/uploads\/2026\/04\/CA-2025-640x414.png","type":"","width":"","height":""}],"twitter_card":"summary_large_image","twitter_misc":{"Dur\u00e9e de lecture estim\u00e9e":"1 minute"},"schema":{"@context":"https:\/\/schema.org","@graph":[{"@type":"WebPage","@id":"https:\/\/www.riber.com\/fr\/investisseurs\/chiffres-cles\/","url":"https:\/\/www.riber.com\/fr\/investisseurs\/chiffres-cles\/","name":"Chiffres cl\u00e9s - Riber, Molecular Beam Epitaxy products and services","isPartOf":{"@id":"https:\/\/www.riber.com\/fr\/#website"},"primaryImageOfPage":{"@id":"https:\/\/www.riber.com\/fr\/investisseurs\/chiffres-cles\/#primaryimage"},"image":{"@id":"https:\/\/www.riber.com\/fr\/investisseurs\/chiffres-cles\/#primaryimage"},"thumbnailUrl":"https:\/\/www.riber.com\/wp-content\/uploads\/2026\/04\/CA-2025-640x414.png","datePublished":"2020-10-01T09:41:59+00:00","dateModified":"2026-04-17T16:24:40+00:00","breadcrumb":{"@id":"https:\/\/www.riber.com\/fr\/investisseurs\/chiffres-cles\/#breadcrumb"},"inLanguage":"fr-FR","potentialAction":[{"@type":"ReadAction","target":["https:\/\/www.riber.com\/fr\/investisseurs\/chiffres-cles\/"]}]},{"@type":"ImageObject","inLanguage":"fr-FR","@id":"https:\/\/www.riber.com\/fr\/investisseurs\/chiffres-cles\/#primaryimage","url":"https:\/\/www.riber.com\/wp-content\/uploads\/2026\/04\/CA-2025-640x414.png","contentUrl":"https:\/\/www.riber.com\/wp-content\/uploads\/2026\/04\/CA-2025-640x414.png"},{"@type":"BreadcrumbList","@id":"https:\/\/www.riber.com\/fr\/investisseurs\/chiffres-cles\/#breadcrumb","itemListElement":[{"@type":"ListItem","position":1,"name":"Accueil","item":"https:\/\/www.riber.com\/fr\/"},{"@type":"ListItem","position":2,"name":"Investisseurs","item":"https:\/\/www.riber.com\/fr\/investisseurs\/"},{"@type":"ListItem","position":3,"name":"Chiffres cl\u00e9s"}]},{"@type":"WebSite","@id":"https:\/\/www.riber.com\/fr\/#website","url":"https:\/\/www.riber.com\/fr\/","name":"Riber, Molecular Beam Epitaxy products and services","description":"","potentialAction":[{"@type":"SearchAction","target":{"@type":"EntryPoint","urlTemplate":"https:\/\/www.riber.com\/fr\/?s={search_term_string}"},"query-input":{"@type":"PropertyValueSpecification","valueRequired":true,"valueName":"search_term_string"}}],"inLanguage":"fr-FR"}]}},"_links":{"self":[{"href":"https:\/\/www.riber.com\/fr\/wp-json\/wp\/v2\/pages\/397","targetHints":{"allow":["GET"]}}],"collection":[{"href":"https:\/\/www.riber.com\/fr\/wp-json\/wp\/v2\/pages"}],"about":[{"href":"https:\/\/www.riber.com\/fr\/wp-json\/wp\/v2\/types\/page"}],"author":[{"embeddable":true,"href":"https:\/\/www.riber.com\/fr\/wp-json\/wp\/v2\/users\/2"}],"replies":[{"embeddable":true,"href":"https:\/\/www.riber.com\/fr\/wp-json\/wp\/v2\/comments?post=397"}],"version-history":[{"count":14,"href":"https:\/\/www.riber.com\/fr\/wp-json\/wp\/v2\/pages\/397\/revisions"}],"predecessor-version":[{"id":4169,"href":"https:\/\/www.riber.com\/fr\/wp-json\/wp\/v2\/pages\/397\/revisions\/4169"}],"up":[{"embeddable":true,"href":"https:\/\/www.riber.com\/fr\/wp-json\/wp\/v2\/pages\/395"}],"wp:attachment":[{"href":"https:\/\/www.riber.com\/fr\/wp-json\/wp\/v2\/media?parent=397"}],"curies":[{"name":"wp","href":"https:\/\/api.w.org\/{rel}","templated":true}]}}