{"id":398,"date":"2020-10-01T11:44:17","date_gmt":"2020-10-01T09:44:17","guid":{"rendered":"http:\/\/www.riber.com\/investisseurs\/actionnaires\/"},"modified":"2023-11-29T09:31:01","modified_gmt":"2023-11-29T08:31:01","slug":"actionnaires","status":"publish","type":"page","link":"https:\/\/www.riber.com\/fr\/investisseurs\/actionnaires\/","title":{"rendered":"Actionnaires"},"content":{"rendered":"<div class=\"cols\">\n<div class=\"col colnobox texte paddingR fintxt\">\n<div class=\"colsthird colaction\">\n<div class=\"twothird keyhome agdocs\" style=\"background: url('\/wp-content\/uploads\/2020\/10\/assemblee-generale-scaled.jpg') no-repeat center center;background-size: cover\">\n<div class=\"figures\">\n<h2>Assembl\u00e9es g\u00e9n\u00e9rales<\/h2>\n<h3>Les documents pr\u00e9paratoires mis \u00e0 disposition des actionnaires<\/h3>\n<p><a class=\"btn\" href=\"\/fr\/investisseurs\/actionnaires\/assemblees-generales\/\">Consulter<\/a><\/p>\n<\/div>\n<\/div>\n<\/div>\n<p>Il vous suffit de d\u00e9tenir une action RIBER pour disposer de tous les droits que la loi et les statuts reconnaissent \u00e0 l&rsquo;Actionnaire. Lorsque vous devenez Actionnaire de RIBER vous devenez propri\u00e9taire d&rsquo;une fraction de son capital, et \u00eates directement associ\u00e9 \u00e0 son d\u00e9veloppement.<\/p>\n<h2>Mode de d\u00e9tention<\/h2>\n<p>Vous avez le choix entre plusieurs modes de d\u00e9tention de vos actions RIBER, quel que soit le nombre de titres d\u00e9tenus.<\/p>\n<p><u>Au porteur :<\/u> votre compte titres est tenu par l&rsquo;interm\u00e9diaire financier de votre choix. Ce mode de d\u00e9tention vous permet de regrouper tous les titres de votre portefeuille au sein d&rsquo;un m\u00eame compte, mais ne permet pas \u00e0 RIBER de vous identifier. Les frais de garde de votre compte sont \u00e0 votre charge.<\/p>\n<p>Au nominatif, il existe deux modes d&rsquo;inscription :<\/p>\n<p><u>Le nominatif pur :<\/u> vos actions sont inscrites et conserv\u00e9es \u00e0 votre nom dans les comptes de RIBER ce qui lui permet d&rsquo;assurer un service personnalis\u00e9. Notre soci\u00e9t\u00e9 d\u00e9l\u00e8gue la gestion de son service titres \u00e0 Uptevia qui est votre unique interlocuteur. Vous ne payez plus de droits de garde.<\/p>\n<p><u>Le nominatif administr\u00e9 :<\/u> vos actions restent inscrites chez votre interm\u00e9diaire financier, qui en assure la conservation et la gestion Votre interm\u00e9diaire doit aviser Uptevia de la mise au nominatif administr\u00e9 de vos titres afin que vous soyez inscrit dans le registre nominatif de la soci\u00e9t\u00e9. Comme pour la d\u00e9tention en nominatif pur, cette forme de d\u00e9tention permet \u00e0 la soci\u00e9t\u00e9 d\u2019assurer un service personnalis\u00e9, La gestion de vos titres sous cette forme est assimil\u00e9e \u00e0 celle des titres au porteur et les frais de garde sont \u00e0 votre charge .<\/p>\n<h3>Quels sont les avantages du nominatif ?<\/h3>\n<ul>\n<li>Vous \u00eates convoqu\u00e9 nominativement aux Assembl\u00e9es G\u00e9n\u00e9rales et recevez toute la documentation n\u00e9cessaire, \u00e0 votre convenance par voie \u00e9lectronique ou courrier.<\/li>\n<li>Vous avez un contact direct et personnalis\u00e9 avec notre soci\u00e9t\u00e9.<\/li>\n<\/ul>\n<h3>Quels sont les avantages suppl\u00e9mentaires du nominatif pur ?<\/h3>\n<ul>\n<li>Vous \u00eates exon\u00e9r\u00e9 des droits de garde et de certains frais de gestion courante.<\/li>\n<\/ul>\n<h3>Changer de mode de d\u00e9tention<\/h3>\n<p>Pour passer de la d\u00e9tention au porteur \u00e0 la d\u00e9tention au nominatif pur, il vous suffit de compl\u00e9ter le formulaire suivant (t\u00e9l\u00e9charger le formulaire) et demander \u00e0 l&rsquo;interm\u00e9diaire financier qui g\u00e8re vos titres \u00ab\u00a0au porteur\u00a0\u00bb, de les transf\u00e9rer vers notre service titres Uptevia \u2013 Service Assembl\u00e9es G\u00e9n\u00e9rales Centralis\u00e9es \u2013 90 \u2013 110 Esplanade du G\u00e9n\u00e9ral de Gaulle \u2013 92931 Paris La D\u00e9fense Cedex.<\/p>\n<h2>Participez \u00e0 l&rsquo;Assembl\u00e9e G\u00e9n\u00e9rale<\/h2>\n<p><u>Convocation<\/u><br \/>\nLes actionnaires au nominatif re\u00e7oivent de Uptevia,15 jours avant la tenue de l&rsquo;Assembl\u00e9e G\u00e9n\u00e9rale, un avis de convocation. Les documents compl\u00e9mentaires relatifs aux Assembl\u00e9es sont mis en ligne sur le site internet de la soci\u00e9t\u00e9 \u00e0 la rubrique \u00ab\u00a0informations r\u00e9glement\u00e9es\u00a0\u00bb et \u00e9ventuellement adress\u00e9s par courrier \u00e0 l\u2019actionnaire qui en fait la demande.<\/p>\n<p>Les actionnaires au porteur, n\u2019\u00e9tant pas r\u00e9pertori\u00e9s sur les registres de la soci\u00e9t\u00e9 RIBER, devront faire les d\u00e9marches pour s\u2019informer sur la tenue des Assembl\u00e9es G\u00e9n\u00e9rales.<\/p>\n<p><u>Pour voter<\/u><br \/>\nVous avez la possibilit\u00e9 d\u2019exercer votre droit de vote en Assembl\u00e9e G\u00e9n\u00e9rale de trois mani\u00e8res :<\/p>\n<ul>\n<li>En assistant personnellement \u00e0 l\u2019Assembl\u00e9e G\u00e9n\u00e9rale.<\/li>\n<li>En utilisant un formulaire de vote par correspondance qui, si vos titres sont au porteur, devra \u00eatre adress\u00e9 \u00e0 Uptevia par votre interm\u00e9diaire financier accompagn\u00e9 d\u2019une attestation de participation.<\/li>\n<li>En donnant procuration \u00e0 toute personne physique ou morale de votre choix. Si vos titres sont au porteur, cette procuration devra \u00eatre adress\u00e9e \u00e0 Uptevia par votre interm\u00e9diaire accompagn\u00e9e d\u2019une attestation de participation.<\/li>\n<\/ul>\n<p>Pour assister, se faire repr\u00e9senter, ou voter par correspondance, les actionnaires doivent avoir leurs titres inscrits en compte au troisi\u00e8me jour ouvr\u00e9 pr\u00e9c\u00e9dant l\u2019Assembl\u00e9e.<\/p>\n<p><u>Pour assister \u00e0 une Assembl\u00e9e G\u00e9n\u00e9rale<\/u><\/p>\n<ul>\n<li>si vous \u00eates actionnaire au nominatif, vous pourrez librement participer \u00e0 la s\u00e9ance.<\/li>\n<li>si vous \u00eates actionnaire au porteur, vous devrez au pr\u00e9alable justifier de l\u2019enregistrement comptable de vos titres, en produisant une attestation de participation (que vous d\u00e9livrera votre interm\u00e9diaire financier \u00e0 votre demande).<\/li>\n<\/ul>\n<p><u>Vos droits de vote<\/u><br \/>\nChaque action de capital ou de jouissance donne droit \u00e0 une voix.<\/p>\n<\/div>\n<div class=\"col colbox finside\"> <div class=\"sidebar-content\"> <div class=\"financewidget\" id=\"text-5\">\t\t\t<div class=\"textwidget\"><h2>Prochain <strong>\u00e9v\u00e9nement<\/strong><\/h2><div class='nexteventtype'>Communiqu\u00e9 de presse<\/div>\n            <div class='nexteventtitle'>Rapport financier annuel 2025 (mise \u00e0 disposition)<\/div>\n            <div class='nexteventdateheure'><div class='nexteventdate'>17\/04\/2026 <i class='fas fa-calendar-day'><\/i><\/div><div class='nexteventheure'><i class='fas fa-clock'><\/i> 18:00<\/div><\/div>\r\n<h2>Communiqu\u00e9s de <strong>presse<\/strong><\/h2><ul class='press'><li><a href='https:\/\/www.riber.com\/fr\/financial_documents\/riber-enregistre-une-solide-progression-de-ses-resultats-en-2025\/'><img decoding=\"async\" src=\"\/wp-content\/themes\/riber\/images\/press-release5.jpg\" loading=\"lazy\" width=\"640\" width=\"500\" alt=\"\" \/><h3>RIBER enregistre une solide progression de ses r\u00e9sultats en 2025<\/h3><\/a><\/li><li><a href='https:\/\/www.riber.com\/fr\/financial_documents\/activite-2025-portee-par-les-systemes-de-production-et-le-deploiement-de-rosie\/'><img decoding=\"async\" src=\"\/wp-content\/themes\/riber\/images\/press-release3.jpg\" loading=\"lazy\" width=\"640\" width=\"500\" alt=\"\" \/><h3>Activit\u00e9 2025 port\u00e9e par les syst\u00e8mes de production et le d\u00e9ploiement de ROSIE<\/h3><\/a><\/li><li><a href='https:\/\/www.riber.com\/fr\/financial_documents\/riber-enregistre-au-japon-une-nouvelle-commande-pour-un-mbe-6000-destine-a-lindustrialisation-de-lasers-a-boites-quantiques-pour-les-applications-datacom\/'><img decoding=\"async\" src=\"\/wp-content\/themes\/riber\/images\/press-release1.jpg\" loading=\"lazy\" width=\"640\" width=\"500\" alt=\"\" \/><h3>RIBER enregistre au Japon une nouvelle commande pour un MBE 6000 destin\u00e9 \u00e0 l\u2019industrialisation de lasers \u00e0 bo\u00eetes quantiques pour les applications Datacom.<\/h3><\/a><\/li><\/ul><p style='text-align:center;'><a class='btn' href='\/fr\/investisseurs\/actualites\/communiques-de-presse\/'>Voir tous les communiqu\u00e9s de presse<\/a><\/p><\/div>\n\t\t<\/div> <\/div> <\/div>\n<\/div>\n","protected":false},"excerpt":{"rendered":"<p>Assembl\u00e9es g\u00e9n\u00e9rales Les documents pr\u00e9paratoires mis \u00e0 disposition des actionnaires Consulter Il vous suffit de d\u00e9tenir une action RIBER pour disposer de tous les droits que la [&hellip;]<\/p>\n","protected":false},"author":2,"featured_media":0,"parent":395,"menu_order":0,"comment_status":"closed","ping_status":"closed","template":"","meta":{"footnotes":""},"class_list":["post-398","page","type-page","status-publish","hentry"],"yoast_head":"<!-- This site is optimized with the Yoast SEO plugin v27.2 - https:\/\/yoast.com\/product\/yoast-seo-wordpress\/ -->\n<title>Actionnaires - Riber, Molecular Beam Epitaxy products and services<\/title>\n<meta name=\"robots\" content=\"index, follow, max-snippet:-1, max-image-preview:large, max-video-preview:-1\" \/>\n<link rel=\"canonical\" href=\"https:\/\/www.riber.com\/fr\/investisseurs\/actionnaires\/\" \/>\n<meta property=\"og:locale\" content=\"fr_FR\" \/>\n<meta property=\"og:type\" content=\"article\" \/>\n<meta property=\"og:title\" content=\"Actionnaires - Riber, Molecular Beam Epitaxy products and services\" \/>\n<meta property=\"og:description\" content=\"Assembl\u00e9es g\u00e9n\u00e9rales Les documents pr\u00e9paratoires mis \u00e0 disposition des actionnaires Consulter Il vous suffit de d\u00e9tenir une action RIBER pour disposer de tous les droits que la [&hellip;]\" \/>\n<meta property=\"og:url\" content=\"https:\/\/www.riber.com\/fr\/investisseurs\/actionnaires\/\" \/>\n<meta property=\"og:site_name\" content=\"Riber, Molecular Beam Epitaxy products and services\" \/>\n<meta property=\"article:modified_time\" content=\"2023-11-29T08:31:01+00:00\" \/>\n<meta name=\"twitter:card\" content=\"summary_large_image\" \/>\n<meta name=\"twitter:label1\" content=\"Dur\u00e9e de lecture estim\u00e9e\" \/>\n\t<meta name=\"twitter:data1\" content=\"3 minutes\" \/>\n<script type=\"application\/ld+json\" class=\"yoast-schema-graph\">{\"@context\":\"https:\/\/schema.org\",\"@graph\":[{\"@type\":\"WebPage\",\"@id\":\"https:\/\/www.riber.com\/fr\/investisseurs\/actionnaires\/\",\"url\":\"https:\/\/www.riber.com\/fr\/investisseurs\/actionnaires\/\",\"name\":\"Actionnaires - Riber, Molecular Beam Epitaxy products and services\",\"isPartOf\":{\"@id\":\"https:\/\/www.riber.com\/fr\/#website\"},\"datePublished\":\"2020-10-01T09:44:17+00:00\",\"dateModified\":\"2023-11-29T08:31:01+00:00\",\"breadcrumb\":{\"@id\":\"https:\/\/www.riber.com\/fr\/investisseurs\/actionnaires\/#breadcrumb\"},\"inLanguage\":\"fr-FR\",\"potentialAction\":[{\"@type\":\"ReadAction\",\"target\":[\"https:\/\/www.riber.com\/fr\/investisseurs\/actionnaires\/\"]}]},{\"@type\":\"BreadcrumbList\",\"@id\":\"https:\/\/www.riber.com\/fr\/investisseurs\/actionnaires\/#breadcrumb\",\"itemListElement\":[{\"@type\":\"ListItem\",\"position\":1,\"name\":\"Accueil\",\"item\":\"https:\/\/www.riber.com\/fr\/\"},{\"@type\":\"ListItem\",\"position\":2,\"name\":\"Investisseurs\",\"item\":\"https:\/\/www.riber.com\/fr\/investisseurs\/\"},{\"@type\":\"ListItem\",\"position\":3,\"name\":\"Actionnaires\"}]},{\"@type\":\"WebSite\",\"@id\":\"https:\/\/www.riber.com\/fr\/#website\",\"url\":\"https:\/\/www.riber.com\/fr\/\",\"name\":\"Riber, Molecular Beam Epitaxy products and services\",\"description\":\"\",\"potentialAction\":[{\"@type\":\"SearchAction\",\"target\":{\"@type\":\"EntryPoint\",\"urlTemplate\":\"https:\/\/www.riber.com\/fr\/?s={search_term_string}\"},\"query-input\":{\"@type\":\"PropertyValueSpecification\",\"valueRequired\":true,\"valueName\":\"search_term_string\"}}],\"inLanguage\":\"fr-FR\"}]}<\/script>\n<!-- \/ Yoast SEO plugin. -->","yoast_head_json":{"title":"Actionnaires - Riber, Molecular Beam Epitaxy products and services","robots":{"index":"index","follow":"follow","max-snippet":"max-snippet:-1","max-image-preview":"max-image-preview:large","max-video-preview":"max-video-preview:-1"},"canonical":"https:\/\/www.riber.com\/fr\/investisseurs\/actionnaires\/","og_locale":"fr_FR","og_type":"article","og_title":"Actionnaires - Riber, Molecular Beam Epitaxy products and services","og_description":"Assembl\u00e9es g\u00e9n\u00e9rales Les documents pr\u00e9paratoires mis \u00e0 disposition des actionnaires Consulter Il vous suffit de d\u00e9tenir une action RIBER pour disposer de tous les droits que la [&hellip;]","og_url":"https:\/\/www.riber.com\/fr\/investisseurs\/actionnaires\/","og_site_name":"Riber, Molecular Beam Epitaxy products and services","article_modified_time":"2023-11-29T08:31:01+00:00","twitter_card":"summary_large_image","twitter_misc":{"Dur\u00e9e de lecture estim\u00e9e":"3 minutes"},"schema":{"@context":"https:\/\/schema.org","@graph":[{"@type":"WebPage","@id":"https:\/\/www.riber.com\/fr\/investisseurs\/actionnaires\/","url":"https:\/\/www.riber.com\/fr\/investisseurs\/actionnaires\/","name":"Actionnaires - Riber, Molecular Beam Epitaxy products and services","isPartOf":{"@id":"https:\/\/www.riber.com\/fr\/#website"},"datePublished":"2020-10-01T09:44:17+00:00","dateModified":"2023-11-29T08:31:01+00:00","breadcrumb":{"@id":"https:\/\/www.riber.com\/fr\/investisseurs\/actionnaires\/#breadcrumb"},"inLanguage":"fr-FR","potentialAction":[{"@type":"ReadAction","target":["https:\/\/www.riber.com\/fr\/investisseurs\/actionnaires\/"]}]},{"@type":"BreadcrumbList","@id":"https:\/\/www.riber.com\/fr\/investisseurs\/actionnaires\/#breadcrumb","itemListElement":[{"@type":"ListItem","position":1,"name":"Accueil","item":"https:\/\/www.riber.com\/fr\/"},{"@type":"ListItem","position":2,"name":"Investisseurs","item":"https:\/\/www.riber.com\/fr\/investisseurs\/"},{"@type":"ListItem","position":3,"name":"Actionnaires"}]},{"@type":"WebSite","@id":"https:\/\/www.riber.com\/fr\/#website","url":"https:\/\/www.riber.com\/fr\/","name":"Riber, Molecular Beam Epitaxy products and services","description":"","potentialAction":[{"@type":"SearchAction","target":{"@type":"EntryPoint","urlTemplate":"https:\/\/www.riber.com\/fr\/?s={search_term_string}"},"query-input":{"@type":"PropertyValueSpecification","valueRequired":true,"valueName":"search_term_string"}}],"inLanguage":"fr-FR"}]}},"_links":{"self":[{"href":"https:\/\/www.riber.com\/fr\/wp-json\/wp\/v2\/pages\/398","targetHints":{"allow":["GET"]}}],"collection":[{"href":"https:\/\/www.riber.com\/fr\/wp-json\/wp\/v2\/pages"}],"about":[{"href":"https:\/\/www.riber.com\/fr\/wp-json\/wp\/v2\/types\/page"}],"author":[{"embeddable":true,"href":"https:\/\/www.riber.com\/fr\/wp-json\/wp\/v2\/users\/2"}],"replies":[{"embeddable":true,"href":"https:\/\/www.riber.com\/fr\/wp-json\/wp\/v2\/comments?post=398"}],"version-history":[{"count":22,"href":"https:\/\/www.riber.com\/fr\/wp-json\/wp\/v2\/pages\/398\/revisions"}],"predecessor-version":[{"id":2204,"href":"https:\/\/www.riber.com\/fr\/wp-json\/wp\/v2\/pages\/398\/revisions\/2204"}],"up":[{"embeddable":true,"href":"https:\/\/www.riber.com\/fr\/wp-json\/wp\/v2\/pages\/395"}],"wp:attachment":[{"href":"https:\/\/www.riber.com\/fr\/wp-json\/wp\/v2\/media?parent=398"}],"curies":[{"name":"wp","href":"https:\/\/api.w.org\/{rel}","templated":true}]}}