{"id":402,"date":"2020-10-01T11:44:47","date_gmt":"2020-10-01T09:44:47","guid":{"rendered":"http:\/\/www.riber.com\/investisseurs\/contact-financier\/"},"modified":"2021-01-30T09:33:47","modified_gmt":"2021-01-30T08:33:47","slug":"contact-financier","status":"publish","type":"page","link":"https:\/\/www.riber.com\/fr\/investisseurs\/contact-financier\/","title":{"rendered":"Contact financier"},"content":{"rendered":"<div class=\"cols\">\n<div id=\"contactform\" class=\"col colnobox formulaire fintxt\">\n<div class=\"wpcf7 no-js\" id=\"wpcf7-f623-o1\" lang=\"fr-FR\" dir=\"ltr\" data-wpcf7-id=\"623\">\n<div class=\"screen-reader-response\"><p role=\"status\" aria-live=\"polite\" aria-atomic=\"true\"><\/p> <ul><\/ul><\/div>\n<form action=\"\/fr\/wp-json\/wp\/v2\/pages\/402#wpcf7-f623-o1\" method=\"post\" class=\"wpcf7-form init\" aria-label=\"Formulaire de contact\" novalidate=\"novalidate\" data-status=\"init\">\n<fieldset class=\"hidden-fields-container\"><input type=\"hidden\" name=\"_wpcf7\" value=\"623\" \/><input type=\"hidden\" name=\"_wpcf7_version\" value=\"6.1.5\" \/><input type=\"hidden\" name=\"_wpcf7_locale\" value=\"fr_FR\" \/><input type=\"hidden\" name=\"_wpcf7_unit_tag\" value=\"wpcf7-f623-o1\" \/><input type=\"hidden\" name=\"_wpcf7_container_post\" value=\"0\" \/><input type=\"hidden\" name=\"_wpcf7_posted_data_hash\" value=\"\" \/>\n<\/fieldset>\n<div class=\"input text demi\">\n\t<p><label>Votre nom *<\/label>\n<input size=\"40\" maxlength=\"400\" class=\"wpcf7-form-control wpcf7-text wpcf7-validates-as-required\" aria-required=\"true\" aria-invalid=\"false\" value=\"\" type=\"text\" name=\"your-name\" \/>\n\t<\/p>\n<\/div>\n<div class=\"input text demi\">\n\t<p><label>Votre poste *<\/label>\n<input size=\"40\" maxlength=\"400\" class=\"wpcf7-form-control wpcf7-text wpcf7-validates-as-required\" aria-required=\"true\" aria-invalid=\"false\" value=\"\" type=\"text\" name=\"your-position\" \/>\n\t<\/p>\n<\/div>\n<div class=\"input text demi\">\n\t<p><label>Soci\u00e9t\u00e9 ou organisme *<\/label>\n<input size=\"40\" maxlength=\"400\" class=\"wpcf7-form-control wpcf7-text wpcf7-validates-as-required\" aria-required=\"true\" aria-invalid=\"false\" value=\"\" type=\"text\" name=\"your-institution\" \/>\n\t<\/p>\n<\/div>\n<div class=\"input checkbox demi\">\n\t<p><label>Vous \u00eates<\/label>\n<span class=\"wpcf7-form-control wpcf7-checkbox wpcf7-exclusive-checkbox\"><span class=\"wpcf7-list-item first\"><input type=\"checkbox\" name=\"checkbox-269\" value=\"Investisseur\" \/><span class=\"wpcf7-list-item-label\">Investisseur<\/span><\/span><span class=\"wpcf7-list-item\"><input type=\"checkbox\" name=\"checkbox-269\" value=\"Analyste\" \/><span class=\"wpcf7-list-item-label\">Analyste<\/span><\/span><span class=\"wpcf7-list-item\"><input type=\"checkbox\" name=\"checkbox-269\" value=\"Actionnaire Riber\" \/><span class=\"wpcf7-list-item-label\">Actionnaire Riber<\/span><\/span><span class=\"wpcf7-list-item\"><input type=\"checkbox\" name=\"checkbox-269\" value=\"Journaliste\" \/><span class=\"wpcf7-list-item-label\">Journaliste<\/span><\/span><span class=\"wpcf7-list-item\"><input type=\"checkbox\" name=\"checkbox-269\" value=\"Etudiant\" \/><span class=\"wpcf7-list-item-label\">Etudiant<\/span><\/span><span class=\"wpcf7-list-item last\"><input type=\"checkbox\" name=\"checkbox-269\" value=\"Autre\" \/><span class=\"wpcf7-list-item-label\">Autre<\/span><\/span><\/span>\n\t<\/p>\n<\/div>\n<div class=\"input text demi\">\n\t<p><label>Votre adresse<\/label>\n<input size=\"40\" maxlength=\"400\" class=\"wpcf7-form-control wpcf7-text\" aria-invalid=\"false\" value=\"\" type=\"text\" name=\"your-adress\" \/>\n\t<\/p>\n<\/div>\n<div class=\"input text demi\">\n\t<p><label>Votre code postal<\/label>\n<input size=\"40\" maxlength=\"400\" class=\"wpcf7-form-control wpcf7-text\" aria-invalid=\"false\" value=\"\" type=\"text\" name=\"your-zipcode\" \/>\n\t<\/p>\n<\/div>\n<div class=\"input text demi\">\n\t<p><label>Votre ville<\/label>\n<input size=\"40\" maxlength=\"400\" class=\"wpcf7-form-control wpcf7-text\" aria-invalid=\"false\" value=\"\" type=\"text\" name=\"your-city\" \/>\n\t<\/p>\n<\/div>\n<div class=\"input text demi\">\n\t<p><label>Votre pays<\/label>\n<input size=\"40\" maxlength=\"400\" class=\"wpcf7-form-control wpcf7-text\" aria-invalid=\"false\" value=\"\" type=\"text\" name=\"your-country\" \/>\n\t<\/p>\n<\/div>\n<div class=\"input text demi\">\n\t<p><label>Votre email *<\/label>\n<input size=\"40\" maxlength=\"400\" class=\"wpcf7-form-control wpcf7-email wpcf7-validates-as-required wpcf7-text wpcf7-validates-as-email\" aria-required=\"true\" aria-invalid=\"false\" value=\"\" type=\"email\" name=\"your-email\" \/>\n\t<\/p>\n<\/div>\n<div class=\"input text demi\">\n\t<p><label>Votre t\u00e9l\u00e9phone *<\/label>\n<input size=\"40\" maxlength=\"400\" class=\"wpcf7-form-control wpcf7-text wpcf7-validates-as-required\" aria-required=\"true\" aria-invalid=\"false\" value=\"\" type=\"text\" name=\"your-phone\" \/>\n\t<\/p>\n<\/div>\n<div class=\"input textarea\">\n\t<p><label>Votre demande *<\/label>\n<textarea cols=\"40\" rows=\"10\" maxlength=\"2000\" class=\"wpcf7-form-control wpcf7-textarea wpcf7-validates-as-required\" aria-required=\"true\" aria-invalid=\"false\" name=\"your-message\"><\/textarea>\n\t<\/p>\n<\/div>\n<div class=\"input\">\n\t<p><span class=\"wpcf7-form-control wpcf7-checkbox\"><span class=\"wpcf7-list-item first last\"><label><input type=\"checkbox\" name=\"checkbox-1[]\" value=\"Si je coche la case d&#039;inscription \u00e0 la newsletter, mon email sera enregistr\u00e9e et je pourrai recevoir au maximum 1 email d&#039;information par mois. Je pourrais me d\u00e9sabonner \u00e0 tout moment en cliquant dans le lien pr\u00e9sent dans le mail.\" \/><span class=\"wpcf7-list-item-label\">Si je coche la case d&#039;inscription \u00e0 la newsletter, mon email sera enregistr\u00e9e et je pourrai recevoir au maximum 1 email d&#039;information par mois. Je pourrais me d\u00e9sabonner \u00e0 tout moment en cliquant dans le lien pr\u00e9sent dans le mail.<\/span><\/label><\/span><\/span>\n\t<\/p>\n<\/div>\n<div class=\"input\">\n\t<p><span class=\"wpcf7-form-control wpcf7-acceptance\"><span class=\"wpcf7-list-item\"><label><input type=\"checkbox\" name=\"acceptance-45\" value=\"1\" aria-invalid=\"false\" \/><span class=\"wpcf7-list-item-label\">En soumettant ce formulaire, j'accepte que les informations saisies soient exploit\u00e9es dans le cadre de la r\u00e9ponse \u00e0 mes questions et demandes.<\/span><\/label><\/span><\/span>\n\t<input class=\"wpcf7-form-control wpcf7-hidden\" value=\"J&#039;accepte que les informations saisies soient exploit\u00e9es dans le cadre de la r\u00e9ponse \u00e0 mes questions et demandes. Ces donn\u00e9es ne seront pas utilis\u00e9es \u00e0 titre commercial\" type=\"hidden\" name=\"your-acceptance\" \/>\n\t<\/p>\n<\/div>\n<div class=\"input robot\">\n\t<p><label>V\u00e9rification que vous n'\u00eates pas un robot<\/label>\n\t<\/p>\n\t<p>Veuillez saisir les lettres et les chiffres que vous voyez sur l'image.\n\t<\/p>\n\t<p><input type=\"hidden\" name=\"_wpcf7_captcha_challenge_captcha-5\" value=\"2650767914\" \/><img loading=\"lazy\" decoding=\"async\" class=\"wpcf7-form-control wpcf7-captchac wpcf7-captcha-captcha-5\" width=\"72\" height=\"24\" alt=\"captcha\" src=\"https:\/\/www.riber.com\/wp-content\/uploads\/wpcf7_captcha\/2650767914.png\" \/><input size=\"40\" class=\"wpcf7-form-control wpcf7-captchar\" autocomplete=\"off\" aria-invalid=\"false\" value=\"\" type=\"text\" name=\"captcha-5\" \/>\n\t<\/p>\n<\/div>\n<p class=\"require\">*requis\n<\/p>\n<div class=\"input submit\">\n\t<p><input class=\"wpcf7-form-control wpcf7-submit has-spinner\" type=\"submit\" value=\"Envoyer\" \/>\n\t<\/p>\n<\/div>\n<div class=\"rgpd-mentions\">\n\t<p>Les informations recueillies sur ce formulaire sont enregistr\u00e9es dans un fichier informatis\u00e9 par RIBER pour r\u00e9pondre \u00e0 vos questions et demandes.\n\t<\/p>\n\t<p>Elles sont conserv\u00e9es pendant 3 ans et sont destin\u00e9es au service commercial\n\t<\/p>\n\t<p>Conform\u00e9ment \u00e0 la directive RGPD, vous pouvez exercer votre droit d'acc\u00e8s aux donn\u00e9es vous concernant et les faire rectifier en nous contactant par ce m\u00eame formulaire.\n\t<\/p>\n\t<p>Pour plus d'informations : <a href=\"\/privacy-policy\/\">Consultez notre politique de protection de la vie priv\u00e9e<\/a>\n\t<\/p>\n<\/div><div class=\"wpcf7-response-output\" aria-hidden=\"true\"><\/div>\n<\/form>\n<\/div>\n<\/div>\n<div class=\"col colbox contacts finside\"> <div class=\"sidebar-content\"> <div class=\"financewidget\" id=\"text-5\">\t\t\t<div class=\"textwidget\"><h2>Prochain <strong>\u00e9v\u00e9nement<\/strong><\/h2><div class='nexteventtype'>Communiqu\u00e9 de presse<\/div>\n            <div class='nexteventtitle'>Rapport financier annuel 2025 (mise \u00e0 disposition)<\/div>\n            <div class='nexteventdateheure'><div class='nexteventdate'>17\/04\/2026 <i class='fas fa-calendar-day'><\/i><\/div><div class='nexteventheure'><i class='fas fa-clock'><\/i> 18:00<\/div><\/div>\r\n<h2>Communiqu\u00e9s de <strong>presse<\/strong><\/h2><ul class='press'><li><a href='https:\/\/www.riber.com\/fr\/financial_documents\/riber-enregistre-une-solide-progression-de-ses-resultats-en-2025\/'><img decoding=\"async\" src=\"\/wp-content\/themes\/riber\/images\/press-release3.jpg\" loading=\"lazy\" width=\"640\" width=\"500\" alt=\"\" \/><h3>RIBER enregistre une solide progression de ses r\u00e9sultats en 2025<\/h3><\/a><\/li><li><a href='https:\/\/www.riber.com\/fr\/financial_documents\/activite-2025-portee-par-les-systemes-de-production-et-le-deploiement-de-rosie\/'><img decoding=\"async\" src=\"\/wp-content\/themes\/riber\/images\/press-release2.jpg\" loading=\"lazy\" width=\"640\" width=\"500\" alt=\"\" \/><h3>Activit\u00e9 2025 port\u00e9e par les syst\u00e8mes de production et le d\u00e9ploiement de ROSIE<\/h3><\/a><\/li><li><a href='https:\/\/www.riber.com\/fr\/financial_documents\/riber-enregistre-au-japon-une-nouvelle-commande-pour-un-mbe-6000-destine-a-lindustrialisation-de-lasers-a-boites-quantiques-pour-les-applications-datacom\/'><img decoding=\"async\" src=\"\/wp-content\/themes\/riber\/images\/press-release4.jpg\" loading=\"lazy\" width=\"640\" width=\"500\" alt=\"\" \/><h3>RIBER enregistre au Japon une nouvelle commande pour un MBE 6000 destin\u00e9 \u00e0 l\u2019industrialisation de lasers \u00e0 bo\u00eetes quantiques pour les applications Datacom.<\/h3><\/a><\/li><\/ul><p style='text-align:center;'><a class='btn' href='\/fr\/investisseurs\/actualites\/communiques-de-presse\/'>Voir tous les communiqu\u00e9s de presse<\/a><\/p><\/div>\n\t\t<\/div> <\/div> <\/div>\n<\/div>\n","protected":false},"excerpt":{"rendered":"","protected":false},"author":2,"featured_media":0,"parent":395,"menu_order":0,"comment_status":"closed","ping_status":"closed","template":"","meta":{"footnotes":""},"class_list":["post-402","page","type-page","status-publish","hentry"],"yoast_head":"<!-- This site is optimized with the Yoast SEO plugin v27.2 - https:\/\/yoast.com\/product\/yoast-seo-wordpress\/ -->\n<title>Contact financier - Riber, Molecular Beam Epitaxy products and services<\/title>\n<meta name=\"robots\" content=\"index, follow, max-snippet:-1, max-image-preview:large, max-video-preview:-1\" \/>\n<link rel=\"canonical\" href=\"https:\/\/www.riber.com\/fr\/investisseurs\/contact-financier\/\" \/>\n<meta property=\"og:locale\" content=\"fr_FR\" \/>\n<meta property=\"og:type\" content=\"article\" \/>\n<meta property=\"og:title\" content=\"Contact financier - Riber, Molecular Beam Epitaxy products and services\" \/>\n<meta property=\"og:url\" content=\"https:\/\/www.riber.com\/fr\/investisseurs\/contact-financier\/\" \/>\n<meta property=\"og:site_name\" content=\"Riber, Molecular Beam Epitaxy products and services\" \/>\n<meta property=\"article:modified_time\" content=\"2021-01-30T08:33:47+00:00\" \/>\n<meta name=\"twitter:card\" content=\"summary_large_image\" \/>\n<script type=\"application\/ld+json\" class=\"yoast-schema-graph\">{\"@context\":\"https:\/\/schema.org\",\"@graph\":[{\"@type\":\"WebPage\",\"@id\":\"https:\/\/www.riber.com\/fr\/investisseurs\/contact-financier\/\",\"url\":\"https:\/\/www.riber.com\/fr\/investisseurs\/contact-financier\/\",\"name\":\"Contact financier - Riber, Molecular Beam Epitaxy products and services\",\"isPartOf\":{\"@id\":\"https:\/\/www.riber.com\/fr\/#website\"},\"datePublished\":\"2020-10-01T09:44:47+00:00\",\"dateModified\":\"2021-01-30T08:33:47+00:00\",\"breadcrumb\":{\"@id\":\"https:\/\/www.riber.com\/fr\/investisseurs\/contact-financier\/#breadcrumb\"},\"inLanguage\":\"fr-FR\",\"potentialAction\":[{\"@type\":\"ReadAction\",\"target\":[\"https:\/\/www.riber.com\/fr\/investisseurs\/contact-financier\/\"]}]},{\"@type\":\"BreadcrumbList\",\"@id\":\"https:\/\/www.riber.com\/fr\/investisseurs\/contact-financier\/#breadcrumb\",\"itemListElement\":[{\"@type\":\"ListItem\",\"position\":1,\"name\":\"Accueil\",\"item\":\"https:\/\/www.riber.com\/fr\/\"},{\"@type\":\"ListItem\",\"position\":2,\"name\":\"Investisseurs\",\"item\":\"https:\/\/www.riber.com\/fr\/investisseurs\/\"},{\"@type\":\"ListItem\",\"position\":3,\"name\":\"Contact financier\"}]},{\"@type\":\"WebSite\",\"@id\":\"https:\/\/www.riber.com\/fr\/#website\",\"url\":\"https:\/\/www.riber.com\/fr\/\",\"name\":\"Riber, Molecular Beam Epitaxy products and services\",\"description\":\"\",\"potentialAction\":[{\"@type\":\"SearchAction\",\"target\":{\"@type\":\"EntryPoint\",\"urlTemplate\":\"https:\/\/www.riber.com\/fr\/?s={search_term_string}\"},\"query-input\":{\"@type\":\"PropertyValueSpecification\",\"valueRequired\":true,\"valueName\":\"search_term_string\"}}],\"inLanguage\":\"fr-FR\"}]}<\/script>\n<!-- \/ Yoast SEO plugin. -->","yoast_head_json":{"title":"Contact financier - Riber, Molecular Beam Epitaxy products and services","robots":{"index":"index","follow":"follow","max-snippet":"max-snippet:-1","max-image-preview":"max-image-preview:large","max-video-preview":"max-video-preview:-1"},"canonical":"https:\/\/www.riber.com\/fr\/investisseurs\/contact-financier\/","og_locale":"fr_FR","og_type":"article","og_title":"Contact financier - Riber, Molecular Beam Epitaxy products and services","og_url":"https:\/\/www.riber.com\/fr\/investisseurs\/contact-financier\/","og_site_name":"Riber, Molecular Beam Epitaxy products and services","article_modified_time":"2021-01-30T08:33:47+00:00","twitter_card":"summary_large_image","schema":{"@context":"https:\/\/schema.org","@graph":[{"@type":"WebPage","@id":"https:\/\/www.riber.com\/fr\/investisseurs\/contact-financier\/","url":"https:\/\/www.riber.com\/fr\/investisseurs\/contact-financier\/","name":"Contact financier - Riber, Molecular Beam Epitaxy products and services","isPartOf":{"@id":"https:\/\/www.riber.com\/fr\/#website"},"datePublished":"2020-10-01T09:44:47+00:00","dateModified":"2021-01-30T08:33:47+00:00","breadcrumb":{"@id":"https:\/\/www.riber.com\/fr\/investisseurs\/contact-financier\/#breadcrumb"},"inLanguage":"fr-FR","potentialAction":[{"@type":"ReadAction","target":["https:\/\/www.riber.com\/fr\/investisseurs\/contact-financier\/"]}]},{"@type":"BreadcrumbList","@id":"https:\/\/www.riber.com\/fr\/investisseurs\/contact-financier\/#breadcrumb","itemListElement":[{"@type":"ListItem","position":1,"name":"Accueil","item":"https:\/\/www.riber.com\/fr\/"},{"@type":"ListItem","position":2,"name":"Investisseurs","item":"https:\/\/www.riber.com\/fr\/investisseurs\/"},{"@type":"ListItem","position":3,"name":"Contact financier"}]},{"@type":"WebSite","@id":"https:\/\/www.riber.com\/fr\/#website","url":"https:\/\/www.riber.com\/fr\/","name":"Riber, Molecular Beam Epitaxy products and services","description":"","potentialAction":[{"@type":"SearchAction","target":{"@type":"EntryPoint","urlTemplate":"https:\/\/www.riber.com\/fr\/?s={search_term_string}"},"query-input":{"@type":"PropertyValueSpecification","valueRequired":true,"valueName":"search_term_string"}}],"inLanguage":"fr-FR"}]}},"_links":{"self":[{"href":"https:\/\/www.riber.com\/fr\/wp-json\/wp\/v2\/pages\/402","targetHints":{"allow":["GET"]}}],"collection":[{"href":"https:\/\/www.riber.com\/fr\/wp-json\/wp\/v2\/pages"}],"about":[{"href":"https:\/\/www.riber.com\/fr\/wp-json\/wp\/v2\/types\/page"}],"author":[{"embeddable":true,"href":"https:\/\/www.riber.com\/fr\/wp-json\/wp\/v2\/users\/2"}],"replies":[{"embeddable":true,"href":"https:\/\/www.riber.com\/fr\/wp-json\/wp\/v2\/comments?post=402"}],"version-history":[{"count":5,"href":"https:\/\/www.riber.com\/fr\/wp-json\/wp\/v2\/pages\/402\/revisions"}],"predecessor-version":[{"id":1727,"href":"https:\/\/www.riber.com\/fr\/wp-json\/wp\/v2\/pages\/402\/revisions\/1727"}],"up":[{"embeddable":true,"href":"https:\/\/www.riber.com\/fr\/wp-json\/wp\/v2\/pages\/395"}],"wp:attachment":[{"href":"https:\/\/www.riber.com\/fr\/wp-json\/wp\/v2\/media?parent=402"}],"curies":[{"name":"wp","href":"https:\/\/api.w.org\/{rel}","templated":true}]}}